{"id":399,"date":"2016-11-07T10:34:54","date_gmt":"2016-11-07T09:34:54","guid":{"rendered":"http:\/\/www.teraneo.fr\/site\/en\/?page_id=399"},"modified":"2017-09-14T10:39:26","modified_gmt":"2017-09-14T10:39:26","slug":"medtab1","status":"publish","type":"page","link":"https:\/\/www.teraneo.fr\/site\/en\/medtab1\/","title":{"rendered":"MedTab"},"content":{"rendered":"<p>Tablette m\u00e9dicale DICOM Med Tab<\/p>\n<p>Ecran 13&Prime; anti reflet haute luminosit\u00e9 et haute r\u00e9solution HQ<\/p>\n<p>S\u00e9lection du mode couleur ou du mode DICOM en niveaux de gris sur 11 bit<\/p>\n<p>Connectivit\u00e9 Wifi, Bluetooth<\/p>\n<p>Viewer m\u00e9dical connectable sur VOTRE syst\u00e8me PACS<\/p>\n<p>Documentation PDF (en anglais) : <a href=\"http:\/\/www.teraneo.fr\/site\/en\/en\/wp-content\/uploads\/sites\/2\/2016\/11\/MED-TAB-v.1-MD1-0HI0-Short-Brochure-150dpi-PUB-INT-EN-001TR.pdf\">Med-Tab<\/a><\/p>\n<p>&nbsp;<\/p>\n\n<div class=\"wpcf7 no-js\" id=\"wpcf7-f108-o1\" lang=\"fr-FR\" dir=\"ltr\" data-wpcf7-id=\"108\">\n<div class=\"screen-reader-response\"><p role=\"status\" aria-live=\"polite\" aria-atomic=\"true\"><\/p> <ul><\/ul><\/div>\n<form action=\"\/site\/en\/wp-json\/wp\/v2\/pages\/399#wpcf7-f108-o1\" method=\"post\" class=\"wpcf7-form init\" aria-label=\"Formulaire de contact\" novalidate=\"novalidate\" data-status=\"init\">\n<fieldset class=\"hidden-fields-container\"><input type=\"hidden\" name=\"_wpcf7\" value=\"108\" \/><input type=\"hidden\" name=\"_wpcf7_version\" value=\"6.1.5\" \/><input type=\"hidden\" name=\"_wpcf7_locale\" value=\"fr_FR\" \/><input type=\"hidden\" name=\"_wpcf7_unit_tag\" value=\"wpcf7-f108-o1\" \/><input type=\"hidden\" name=\"_wpcf7_container_post\" value=\"0\" \/><input type=\"hidden\" name=\"_wpcf7_posted_data_hash\" value=\"\" \/>\n<\/fieldset>\n<p>Votre nom (obligatoire)\n<\/p>\n<p><span class=\"wpcf7-form-control-wrap\" data-name=\"your-name\"><input size=\"40\" maxlength=\"400\" class=\"wpcf7-form-control wpcf7-text wpcf7-validates-as-required\" aria-required=\"true\" aria-invalid=\"false\" value=\"\" type=\"text\" name=\"your-name\" \/><\/span>\n<\/p>\n<p>Votre email (obligatoire)\n<\/p>\n<p><span class=\"wpcf7-form-control-wrap\" data-name=\"your-email\"><input size=\"40\" maxlength=\"400\" class=\"wpcf7-form-control wpcf7-email wpcf7-validates-as-required wpcf7-text wpcf7-validates-as-email\" aria-required=\"true\" aria-invalid=\"false\" value=\"\" type=\"email\" name=\"your-email\" \/><\/span>\n<\/p>\n<p>Sujet\n<\/p>\n<p><span class=\"wpcf7-form-control-wrap\" data-name=\"your-subject\"><input size=\"40\" maxlength=\"400\" class=\"wpcf7-form-control wpcf7-text\" aria-invalid=\"false\" value=\"\" type=\"text\" name=\"your-subject\" \/><\/span>\n<\/p>\n<p>Votre message\n<\/p>\n<p><span class=\"wpcf7-form-control-wrap\" data-name=\"your-message\"><textarea cols=\"40\" rows=\"10\" maxlength=\"2000\" class=\"wpcf7-form-control wpcf7-textarea\" aria-invalid=\"false\" name=\"your-message\"><\/textarea><\/span>\n<\/p>\n<p>[recaptcha size:compact]\n<\/p>\n<p><input class=\"wpcf7-form-control wpcf7-submit has-spinner\" type=\"submit\" value=\"Envoyer\" \/>\n<\/p><div class=\"wpcf7-response-output\" aria-hidden=\"true\"><\/div>\n<\/form>\n<\/div>\n\n","protected":false},"excerpt":{"rendered":"<p>Tablette m\u00e9dicale DICOM Med Tab Ecran 13&Prime; anti reflet haute luminosit\u00e9 et haute r\u00e9solution HQ S\u00e9lection du mode couleur ou du mode DICOM en niveaux de gris sur 11 bit Connectivit\u00e9 Wifi, Bluetooth Viewer m\u00e9dical connectable sur VOTRE syst\u00e8me PACS Documentation PDF (en anglais) : Med-Tab &nbsp;<\/p>\n","protected":false},"author":1,"featured_media":0,"parent":0,"menu_order":0,"comment_status":"closed","ping_status":"closed","template":"","meta":{"footnotes":""},"class_list":["post-399","page","type-page","status-publish","hentry"],"_links":{"self":[{"href":"https:\/\/www.teraneo.fr\/site\/en\/wp-json\/wp\/v2\/pages\/399","targetHints":{"allow":["GET"]}}],"collection":[{"href":"https:\/\/www.teraneo.fr\/site\/en\/wp-json\/wp\/v2\/pages"}],"about":[{"href":"https:\/\/www.teraneo.fr\/site\/en\/wp-json\/wp\/v2\/types\/page"}],"author":[{"embeddable":true,"href":"https:\/\/www.teraneo.fr\/site\/en\/wp-json\/wp\/v2\/users\/1"}],"replies":[{"embeddable":true,"href":"https:\/\/www.teraneo.fr\/site\/en\/wp-json\/wp\/v2\/comments?post=399"}],"version-history":[{"count":1,"href":"https:\/\/www.teraneo.fr\/site\/en\/wp-json\/wp\/v2\/pages\/399\/revisions"}],"predecessor-version":[{"id":507,"href":"https:\/\/www.teraneo.fr\/site\/en\/wp-json\/wp\/v2\/pages\/399\/revisions\/507"}],"wp:attachment":[{"href":"https:\/\/www.teraneo.fr\/site\/en\/wp-json\/wp\/v2\/media?parent=399"}],"curies":[{"name":"wp","href":"https:\/\/api.w.org\/{rel}","templated":true}]}}