{"id":55,"date":"2015-01-26T12:01:01","date_gmt":"2015-01-26T11:01:01","guid":{"rendered":"http:\/\/terabox.cluster006.ovh.net\/site\/?page_id=55"},"modified":"2015-01-26T12:01:01","modified_gmt":"2015-01-26T11:01:01","slug":"migration-dicom","status":"publish","type":"page","link":"https:\/\/www.teraneo.fr\/site\/en\/radiologie\/migration-dicom\/","title":{"rendered":"Migration DICOM"},"content":{"rendered":"<p>Vous souhaitez changer de fournisseur ou de type de PACS ? Le standard DICOM permet de s&rsquo;affranchir de nombreuses contraintes d&rsquo;interop\u00e9rabilit\u00e9s et vous permet de migrer vers une nouvelle plate-forme.<\/p>\n<p>Le logiciel IQ-Migration permet d&rsquo;effectuer en toute transparence la migration depuis et vers tout type de PACS. Il suffit de disposer d&rsquo;un noeud Dicom libre (AETitle) sur l&rsquo;ancien et le nouveau syst\u00e8me pour pouvoir op\u00e9rer, une machine existante peut \u00eatre utilis\u00e9e en tant que proxy si tous les AET sont utilis\u00e9s.<\/p>\n<p>Le processus de migration peut \u00eatre arr\u00eat\u00e9 ou mis en pause \u00e0 tout moment.<\/p>\n<p>Une conversion d&rsquo;images peut \u00e9galement \u00eatre mise en place dans le cas de formats plus exotiques, ou si vous souhaitez compresser ou d\u00e9compresser des s\u00e9ries d&rsquo;images JPEG (2000) avec ou sans perte.<\/p>\n\n<div class=\"wpcf7 no-js\" id=\"wpcf7-f108-o1\" lang=\"fr-FR\" dir=\"ltr\" data-wpcf7-id=\"108\">\n<div class=\"screen-reader-response\"><p role=\"status\" aria-live=\"polite\" aria-atomic=\"true\"><\/p> <ul><\/ul><\/div>\n<form action=\"\/site\/en\/wp-json\/wp\/v2\/pages\/55#wpcf7-f108-o1\" method=\"post\" class=\"wpcf7-form init\" aria-label=\"Formulaire de contact\" novalidate=\"novalidate\" data-status=\"init\">\n<fieldset class=\"hidden-fields-container\"><input type=\"hidden\" name=\"_wpcf7\" value=\"108\" \/><input type=\"hidden\" name=\"_wpcf7_version\" value=\"6.1.5\" \/><input type=\"hidden\" name=\"_wpcf7_locale\" value=\"fr_FR\" \/><input type=\"hidden\" name=\"_wpcf7_unit_tag\" value=\"wpcf7-f108-o1\" \/><input type=\"hidden\" name=\"_wpcf7_container_post\" value=\"0\" \/><input type=\"hidden\" name=\"_wpcf7_posted_data_hash\" value=\"\" \/>\n<\/fieldset>\n<p>Votre nom (obligatoire)\n<\/p>\n<p><span class=\"wpcf7-form-control-wrap\" data-name=\"your-name\"><input size=\"40\" maxlength=\"400\" class=\"wpcf7-form-control wpcf7-text wpcf7-validates-as-required\" aria-required=\"true\" aria-invalid=\"false\" value=\"\" type=\"text\" name=\"your-name\" \/><\/span>\n<\/p>\n<p>Votre email (obligatoire)\n<\/p>\n<p><span class=\"wpcf7-form-control-wrap\" data-name=\"your-email\"><input size=\"40\" maxlength=\"400\" class=\"wpcf7-form-control wpcf7-email wpcf7-validates-as-required wpcf7-text wpcf7-validates-as-email\" aria-required=\"true\" aria-invalid=\"false\" value=\"\" type=\"email\" name=\"your-email\" \/><\/span>\n<\/p>\n<p>Sujet\n<\/p>\n<p><span class=\"wpcf7-form-control-wrap\" data-name=\"your-subject\"><input size=\"40\" maxlength=\"400\" class=\"wpcf7-form-control wpcf7-text\" aria-invalid=\"false\" value=\"\" type=\"text\" name=\"your-subject\" \/><\/span>\n<\/p>\n<p>Votre message\n<\/p>\n<p><span class=\"wpcf7-form-control-wrap\" data-name=\"your-message\"><textarea cols=\"40\" rows=\"10\" maxlength=\"2000\" class=\"wpcf7-form-control wpcf7-textarea\" aria-invalid=\"false\" name=\"your-message\"><\/textarea><\/span>\n<\/p>\n<p>[recaptcha size:compact]\n<\/p>\n<p><input class=\"wpcf7-form-control wpcf7-submit has-spinner\" type=\"submit\" value=\"Envoyer\" \/>\n<\/p><div class=\"wpcf7-response-output\" aria-hidden=\"true\"><\/div>\n<\/form>\n<\/div>\n\n","protected":false},"excerpt":{"rendered":"<p>Vous souhaitez changer de fournisseur ou de type de PACS ? Le standard DICOM permet de s&rsquo;affranchir de nombreuses contraintes d&rsquo;interop\u00e9rabilit\u00e9s et vous permet de migrer vers une nouvelle plate-forme. Le logiciel IQ-Migration permet d&rsquo;effectuer en toute transparence la migration depuis et vers tout type de PACS. Il suffit de disposer d&rsquo;un noeud Dicom libre [&hellip;]<\/p>\n","protected":false},"author":1,"featured_media":0,"parent":2,"menu_order":0,"comment_status":"closed","ping_status":"open","template":"","meta":{"footnotes":""},"class_list":["post-55","page","type-page","status-publish","hentry"],"_links":{"self":[{"href":"https:\/\/www.teraneo.fr\/site\/en\/wp-json\/wp\/v2\/pages\/55","targetHints":{"allow":["GET"]}}],"collection":[{"href":"https:\/\/www.teraneo.fr\/site\/en\/wp-json\/wp\/v2\/pages"}],"about":[{"href":"https:\/\/www.teraneo.fr\/site\/en\/wp-json\/wp\/v2\/types\/page"}],"author":[{"embeddable":true,"href":"https:\/\/www.teraneo.fr\/site\/en\/wp-json\/wp\/v2\/users\/1"}],"replies":[{"embeddable":true,"href":"https:\/\/www.teraneo.fr\/site\/en\/wp-json\/wp\/v2\/comments?post=55"}],"version-history":[{"count":0,"href":"https:\/\/www.teraneo.fr\/site\/en\/wp-json\/wp\/v2\/pages\/55\/revisions"}],"up":[{"embeddable":true,"href":"https:\/\/www.teraneo.fr\/site\/en\/wp-json\/wp\/v2\/pages\/2"}],"wp:attachment":[{"href":"https:\/\/www.teraneo.fr\/site\/en\/wp-json\/wp\/v2\/media?parent=55"}],"curies":[{"name":"wp","href":"https:\/\/api.w.org\/{rel}","templated":true}]}}