{"id":137,"date":"2015-01-26T15:32:43","date_gmt":"2015-01-26T14:32:43","guid":{"rendered":"http:\/\/www.teraneo.fr\/site\/?page_id=137"},"modified":"2024-02-09T12:18:04","modified_gmt":"2024-02-09T11:18:04","slug":"imagerie-3d","status":"publish","type":"page","link":"https:\/\/www.teraneo.fr\/site\/radiologie\/imagerie-3d\/","title":{"rendered":"Imagerie 3D"},"content":{"rendered":"<div class=\"texte\" dir=\"ltr\">\n<p>Nous vous proposons des solutions logicielles tr\u00e8s performantes pour visualiser les images DICOM avec IQ View 3D.<\/p>\n<p><strong><a href=\"http:\/\/www.teraneo.fr\/site\/wp-content\/uploads\/2015\/01\/iQ-VIEW-3D-3.1-Brochure-150dpi-INT-EN-003R.pdf\">iQ VIEW 3D<\/a><\/strong> est un Viewer Dicom tr\u00e8s rapide et puissant, qui fonctionne sur plate-forme PC.<\/p>\n<p><strong>Nouvelle version\u00a0 !<\/strong><\/p>\n<ul class=\"spip\">\n<li>IQ View 3D est maintenant compatible <strong>Windows 10<\/strong> (32 et 64 bits)<\/li>\n<\/ul>\n<ul class=\"spip\">\n<li>Reconstructions tridimensionnelles MPR, SSD, 3D surfa\u00e7ique.<\/li>\n<\/ul>\n<ul class=\"spip\">\n<li>Nombreux outils de mesure\u00a0: distance, angle, perpendiculaire&#8230;<\/li>\n<\/ul>\n<ul class=\"spip\">\n<li>Dicom Query\/Retrieve, Store et Worklist<\/li>\n<\/ul>\n<ul class=\"spip\">\n<li>Acc\u00e8s rapide aux dossiers\u00a0: Recherche multicrit\u00e8res, raccourcis (pr\u00e9c\u00e9dent, suivant), examen interpr\u00e9t\u00e9 renseign\u00e9 dans la base de donn\u00e9es, tri par colonne&#8230; Anonymisation facile<\/li>\n<\/ul>\n<ul class=\"spip\">\n<li>Diff\u00e9rents modes d\u2019affichage et comparaison d\u2019examens\u00a0: Multi-d\u00e9coupes, multi-\u00e9crans, multi-modalit\u00e9s, vignettes de pr\u00e9visualisation des s\u00e9ries Modification de la brillance et du contraste Rotation, zoom (dynamique), d\u00e9placement et d\u00e9filement Cache ou diaphragme logiciel Comparaison d\u2019images depuis des dossiers patients diff\u00e9rents<\/li>\n<\/ul>\n<ul class=\"spip\">\n<li>Exportation d\u2019images Fichier au format DICOM Export au format JPEG avec incrustation des donn\u00e9es patient informations d\u00e9di\u00e9es v\u00e9t\u00e9rinaires\u00a0: propri\u00e9taire, num\u00e9ro d\u2019identification\u2026 Cr\u00e9ation de CD patient Envoi par e-mail (Thunderbird, Windows Mail, Outlook\u2026)<\/li>\n<\/ul>\n<ul class=\"spip\">\n<li>Importation d\u2019images pour int\u00e9grer facilement un CD patient ou une cl\u00e9 USB<\/li>\n<\/ul>\n<ul class=\"spip\">\n<li>Les clich\u00e9s sont imprimables en DICOM PRINT sur un reprographe m\u00e9dical ou en Postscript sur une imprimante Windows<\/li>\n<\/ul>\n<p>Vous pouvez t\u00e9l\u00e9charger la <a title=\"IQ-View\" href=\"https:\/\/www.teraneo.fr\/soft\/iqview31103.exe\">version de d\u00e9monstration<\/a> de IQ View 3D valide pendant 30 jours. Si vous souhaitez une aide particuli\u00e8re, contactez-nous&#8230;<\/p>\n\n<div class=\"wpcf7 no-js\" id=\"wpcf7-f108-o1\" lang=\"fr-FR\" dir=\"ltr\" data-wpcf7-id=\"108\">\n<div class=\"screen-reader-response\"><p role=\"status\" aria-live=\"polite\" aria-atomic=\"true\"><\/p> <ul><\/ul><\/div>\n<form action=\"\/site\/wp-json\/wp\/v2\/pages\/137#wpcf7-f108-o1\" method=\"post\" class=\"wpcf7-form init\" aria-label=\"Formulaire de contact\" novalidate=\"novalidate\" data-status=\"init\">\n<fieldset class=\"hidden-fields-container\"><input type=\"hidden\" name=\"_wpcf7\" value=\"108\" \/><input type=\"hidden\" name=\"_wpcf7_version\" value=\"6.1.5\" \/><input type=\"hidden\" name=\"_wpcf7_locale\" value=\"fr_FR\" \/><input type=\"hidden\" name=\"_wpcf7_unit_tag\" value=\"wpcf7-f108-o1\" \/><input type=\"hidden\" name=\"_wpcf7_container_post\" value=\"0\" \/><input type=\"hidden\" name=\"_wpcf7_posted_data_hash\" value=\"\" \/><input type=\"hidden\" name=\"_wpcf7_recaptcha_response\" value=\"\" \/>\n<\/fieldset>\n<p>Votre nom (obligatoire)\n<\/p>\n<p><span class=\"wpcf7-form-control-wrap\" data-name=\"your-name\"><input size=\"40\" maxlength=\"400\" class=\"wpcf7-form-control wpcf7-text wpcf7-validates-as-required\" aria-required=\"true\" aria-invalid=\"false\" value=\"\" type=\"text\" name=\"your-name\" \/><\/span>\n<\/p>\n<p>Votre email (obligatoire)\n<\/p>\n<p><span class=\"wpcf7-form-control-wrap\" data-name=\"your-email\"><input size=\"40\" maxlength=\"400\" class=\"wpcf7-form-control wpcf7-email wpcf7-validates-as-required wpcf7-text wpcf7-validates-as-email\" aria-required=\"true\" aria-invalid=\"false\" value=\"\" type=\"email\" name=\"your-email\" \/><\/span>\n<\/p>\n<p>Sujet\n<\/p>\n<p><span class=\"wpcf7-form-control-wrap\" data-name=\"your-subject\"><input size=\"40\" maxlength=\"400\" class=\"wpcf7-form-control wpcf7-text\" aria-invalid=\"false\" value=\"\" type=\"text\" name=\"your-subject\" \/><\/span>\n<\/p>\n<p>Votre message\n<\/p>\n<p><span class=\"wpcf7-form-control-wrap\" data-name=\"your-message\"><textarea cols=\"40\" rows=\"10\" maxlength=\"2000\" class=\"wpcf7-form-control wpcf7-textarea\" aria-invalid=\"false\" name=\"your-message\"><\/textarea><\/span>\n<\/p>\n<p><input class=\"wpcf7-form-control wpcf7-submit has-spinner\" type=\"submit\" value=\"Envoyer\" \/>\n<\/p><div class=\"wpcf7-response-output\" aria-hidden=\"true\"><\/div>\n<\/form>\n<\/div>\n\n<\/div>\n","protected":false},"excerpt":{"rendered":"<p>Nous vous proposons des solutions logicielles tr\u00e8s performantes pour visualiser les images DICOM avec IQ View 3D. iQ VIEW 3D est un Viewer Dicom tr\u00e8s rapide et puissant, qui fonctionne sur plate-forme PC. Nouvelle version\u00a0 ! IQ View 3D est maintenant compatible Windows 10 (32 et 64 bits) Reconstructions tridimensionnelles MPR, SSD, 3D surfa\u00e7ique. Nombreux [&hellip;]<\/p>\n","protected":false},"author":1,"featured_media":0,"parent":2,"menu_order":0,"comment_status":"closed","ping_status":"open","template":"","meta":{"footnotes":""},"class_list":["post-137","page","type-page","status-publish"],"_links":{"self":[{"href":"https:\/\/www.teraneo.fr\/site\/wp-json\/wp\/v2\/pages\/137","targetHints":{"allow":["GET"]}}],"collection":[{"href":"https:\/\/www.teraneo.fr\/site\/wp-json\/wp\/v2\/pages"}],"about":[{"href":"https:\/\/www.teraneo.fr\/site\/wp-json\/wp\/v2\/types\/page"}],"author":[{"embeddable":true,"href":"https:\/\/www.teraneo.fr\/site\/wp-json\/wp\/v2\/users\/1"}],"replies":[{"embeddable":true,"href":"https:\/\/www.teraneo.fr\/site\/wp-json\/wp\/v2\/comments?post=137"}],"version-history":[{"count":14,"href":"https:\/\/www.teraneo.fr\/site\/wp-json\/wp\/v2\/pages\/137\/revisions"}],"predecessor-version":[{"id":575,"href":"https:\/\/www.teraneo.fr\/site\/wp-json\/wp\/v2\/pages\/137\/revisions\/575"}],"up":[{"embeddable":true,"href":"https:\/\/www.teraneo.fr\/site\/wp-json\/wp\/v2\/pages\/2"}],"wp:attachment":[{"href":"https:\/\/www.teraneo.fr\/site\/wp-json\/wp\/v2\/media?parent=137"}],"curies":[{"name":"wp","href":"https:\/\/api.w.org\/{rel}","templated":true}]}}