{"id":2,"date":"2014-11-17T18:09:16","date_gmt":"2014-11-17T18:09:16","guid":{"rendered":"http:\/\/terabox.cluster006.ovh.net\/wordpress\/?page_id=2"},"modified":"2016-02-11T19:58:48","modified_gmt":"2016-02-11T18:58:48","slug":"radiologie","status":"publish","type":"page","link":"https:\/\/www.teraneo.fr\/site\/radiologie\/","title":{"rendered":"Radiologie"},"content":{"rendered":"<p>Des produits sp\u00e9cialis\u00e9s en imagerie, pour vous faire gagner du temps en radiologie.<\/p>\n<div class=\"texte\" dir=\"ltr\">\n<p>Nous pouvons vous proposer des solutions logicielles tr\u00e8s performantes pour visualiser les images DICOM et les sauvegarder sur votre PACS.<\/p>\n<ul class=\"spip\">\n<li><a href=\"http:\/\/www.teraneo.fr\/site\/radiologie\/visualisation\/\">Logiciel de diagnostic puissant sur plate-forme PC : IQ-View<\/a>, rempla\u00e7ant avantageusement KPACS.<\/li>\n<li>Logiciel de diagnostic sur plate-forme Mac OSX : IQ-Web est compatible avec OsiriX, OsiriX MD et Horos<\/li>\n<li>Viewer rapide sur tablette (Apple iPad): Osirix HD<\/li>\n<li><a href=\"http:\/\/www.teraneo.fr\/site\/radiologie\/archivage-long-terme\/\">Serveur de stockage d\u2019images PACS : IQ-Web avec le module extraordinaire IQ4VIEW<\/a><\/li>\n<\/ul>\n<\/div>\n","protected":false},"excerpt":{"rendered":"<p>Des produits sp\u00e9cialis\u00e9s en imagerie, pour vous faire gagner du temps en radiologie. Nous pouvons vous proposer des solutions logicielles tr\u00e8s performantes pour visualiser les images DICOM et les sauvegarder sur votre PACS. Logiciel de diagnostic puissant sur plate-forme PC : IQ-View, rempla\u00e7ant avantageusement KPACS. Logiciel de diagnostic sur plate-forme Mac OSX : IQ-Web est [&hellip;]<\/p>\n","protected":false},"author":1,"featured_media":0,"parent":0,"menu_order":0,"comment_status":"open","ping_status":"open","template":"","meta":{"footnotes":""},"class_list":["post-2","page","type-page","status-publish"],"_links":{"self":[{"href":"https:\/\/www.teraneo.fr\/site\/wp-json\/wp\/v2\/pages\/2","targetHints":{"allow":["GET"]}}],"collection":[{"href":"https:\/\/www.teraneo.fr\/site\/wp-json\/wp\/v2\/pages"}],"about":[{"href":"https:\/\/www.teraneo.fr\/site\/wp-json\/wp\/v2\/types\/page"}],"author":[{"embeddable":true,"href":"https:\/\/www.teraneo.fr\/site\/wp-json\/wp\/v2\/users\/1"}],"replies":[{"embeddable":true,"href":"https:\/\/www.teraneo.fr\/site\/wp-json\/wp\/v2\/comments?post=2"}],"version-history":[{"count":7,"href":"https:\/\/www.teraneo.fr\/site\/wp-json\/wp\/v2\/pages\/2\/revisions"}],"predecessor-version":[{"id":376,"href":"https:\/\/www.teraneo.fr\/site\/wp-json\/wp\/v2\/pages\/2\/revisions\/376"}],"wp:attachment":[{"href":"https:\/\/www.teraneo.fr\/site\/wp-json\/wp\/v2\/media?parent=2"}],"curies":[{"name":"wp","href":"https:\/\/api.w.org\/{rel}","templated":true}]}}