{"id":204,"date":"2015-01-27T10:10:27","date_gmt":"2015-01-27T09:10:27","guid":{"rendered":"http:\/\/www.teraneo.fr\/site\/?page_id=204"},"modified":"2015-01-27T10:10:40","modified_gmt":"2015-01-27T09:10:40","slug":"la-box-dentaire","status":"publish","type":"page","link":"https:\/\/www.teraneo.fr\/site\/radiologie\/la-box-dentaire\/","title":{"rendered":"La box dentaire"},"content":{"rendered":"<div class=\"texte\" dir=\"ltr\">\n<p>La <strong>Dentabox <\/strong> (exclusif) permet tout d\u2019abord de sauvegarder de mani\u00e8re fiable et s\u00e9curis\u00e9e tous vos documents, et surtout de centraliser toutes vos images num\u00e9riques pour les distribuer ensuite au sein de votre cabinet sur le r\u00e9seau local, et \u00e0 distance sur votre smartphone (iphone, android) ou tablette (ipad, android).<\/p>\n<p>Ce serveur sous forme de box est capable de traiter tout les types d\u2019images\u00a0:<\/p>\n<ul class=\"spip\">\n<li>Directement compatible DICOM et de mani\u00e8re automatique, pour toutes les modalit\u00e9s qui produisent de nombreuses coupes ou des images lourdes (cone beam, panoramique, 3D, scanner)<\/li>\n<li>A travers une passerelle, les images de votre RVG sont sauv\u00e9es de mani\u00e8re transparente<\/li>\n<li>Tout type de photographie (ex\u00a0: JPEG) ou de vid\u00e9o (ex. AVI), \u00e0 travers un outil d\u2019int\u00e9gration qui peut \u00eatre automatis\u00e9<\/li>\n<\/ul>\n<p>Envoyez facilement en 3 clics le dossier d\u2019imagerie \u00e0 votre correspondant\u00a0!<\/p>\n<\/div>\n","protected":false},"excerpt":{"rendered":"<p>La Dentabox (exclusif) permet tout d\u2019abord de sauvegarder de mani\u00e8re fiable et s\u00e9curis\u00e9e tous vos documents, et surtout de centraliser toutes vos images num\u00e9riques pour les distribuer ensuite au sein de votre cabinet sur le r\u00e9seau local, et \u00e0 distance sur votre smartphone (iphone, android) ou tablette (ipad, android). Ce serveur sous forme de box [&hellip;]<\/p>\n","protected":false},"author":1,"featured_media":0,"parent":2,"menu_order":0,"comment_status":"closed","ping_status":"open","template":"","meta":{"footnotes":""},"class_list":["post-204","page","type-page","status-publish"],"_links":{"self":[{"href":"https:\/\/www.teraneo.fr\/site\/wp-json\/wp\/v2\/pages\/204","targetHints":{"allow":["GET"]}}],"collection":[{"href":"https:\/\/www.teraneo.fr\/site\/wp-json\/wp\/v2\/pages"}],"about":[{"href":"https:\/\/www.teraneo.fr\/site\/wp-json\/wp\/v2\/types\/page"}],"author":[{"embeddable":true,"href":"https:\/\/www.teraneo.fr\/site\/wp-json\/wp\/v2\/users\/1"}],"replies":[{"embeddable":true,"href":"https:\/\/www.teraneo.fr\/site\/wp-json\/wp\/v2\/comments?post=204"}],"version-history":[{"count":1,"href":"https:\/\/www.teraneo.fr\/site\/wp-json\/wp\/v2\/pages\/204\/revisions"}],"predecessor-version":[{"id":205,"href":"https:\/\/www.teraneo.fr\/site\/wp-json\/wp\/v2\/pages\/204\/revisions\/205"}],"up":[{"embeddable":true,"href":"https:\/\/www.teraneo.fr\/site\/wp-json\/wp\/v2\/pages\/2"}],"wp:attachment":[{"href":"https:\/\/www.teraneo.fr\/site\/wp-json\/wp\/v2\/media?parent=204"}],"curies":[{"name":"wp","href":"https:\/\/api.w.org\/{rel}","templated":true}]}}