{"id":23,"date":"2015-01-26T11:09:32","date_gmt":"2015-01-26T10:09:32","guid":{"rendered":"http:\/\/terabox.cluster006.ovh.net\/site\/?page_id=23"},"modified":"2015-11-25T08:16:36","modified_gmt":"2015-11-25T07:16:36","slug":"imagerie-veterinaire","status":"publish","type":"page","link":"https:\/\/www.teraneo.fr\/site\/imagerie-veterinaire\/","title":{"rendered":"Imagerie V\u00e9t\u00e9rinaire"},"content":{"rendered":"<ul>\n<li><a href=\"http:\/\/www.teraneo.fr\/site\/imagerie-veterinaire\/systemes-cr-plaques-phosphores\/\">Syst\u00e8me classique de num\u00e9risation par plaques au phosphore (CR)<\/a><\/li>\n<\/ul>\n<p>Station de travail pour l&rsquo;identification de l&rsquo;animal, l&rsquo;acquisition et le traitement de vos images\u00a0<\/p>\n<p>&nbsp;<\/p>\n<ul>\n<li><a href=\"http:\/\/www.teraneo.fr\/site\/imagerie-veterinaire\/systemes-dr-capteur-canine\/\">Radiologie digitale directe DR<\/a> (capteur plan)<\/li>\n<\/ul>\n<p>L&rsquo;imagerie v\u00e9t\u00e9rinaire hautes performances ! Vos images affich\u00e9es directement \u00e0 l&rsquo;\u00e9cran en moins de 4 secondes<\/p>\n<p>&nbsp;<\/p>\n<ul>\n<li><a href=\"http:\/\/www.teraneo.fr\/site\/imagerie-veterinaire\/vetbox\/\">Archivage long terme de vos images avec la Vetbox<\/a><\/li>\n<\/ul>\n<p>Conservez toutes vos radios, diffusion de vos images dans les salles de consultation et envoi par email en 3 clics<\/p>\n<p>Disponible en versions Petits Animaux et Equine<\/p>\n","protected":false},"excerpt":{"rendered":"<p>Syst\u00e8me classique de num\u00e9risation par plaques au phosphore (CR) Station de travail pour l&rsquo;identification de l&rsquo;animal, l&rsquo;acquisition et le traitement de vos images\u00a0 &nbsp; Radiologie digitale directe DR (capteur plan) L&rsquo;imagerie v\u00e9t\u00e9rinaire hautes performances ! Vos images affich\u00e9es directement \u00e0 l&rsquo;\u00e9cran en moins de 4 secondes &nbsp; Archivage long terme de vos images avec la [&hellip;]<\/p>\n","protected":false},"author":1,"featured_media":0,"parent":0,"menu_order":0,"comment_status":"closed","ping_status":"open","template":"","meta":{"footnotes":""},"class_list":["post-23","page","type-page","status-publish"],"_links":{"self":[{"href":"https:\/\/www.teraneo.fr\/site\/wp-json\/wp\/v2\/pages\/23","targetHints":{"allow":["GET"]}}],"collection":[{"href":"https:\/\/www.teraneo.fr\/site\/wp-json\/wp\/v2\/pages"}],"about":[{"href":"https:\/\/www.teraneo.fr\/site\/wp-json\/wp\/v2\/types\/page"}],"author":[{"embeddable":true,"href":"https:\/\/www.teraneo.fr\/site\/wp-json\/wp\/v2\/users\/1"}],"replies":[{"embeddable":true,"href":"https:\/\/www.teraneo.fr\/site\/wp-json\/wp\/v2\/comments?post=23"}],"version-history":[{"count":7,"href":"https:\/\/www.teraneo.fr\/site\/wp-json\/wp\/v2\/pages\/23\/revisions"}],"predecessor-version":[{"id":358,"href":"https:\/\/www.teraneo.fr\/site\/wp-json\/wp\/v2\/pages\/23\/revisions\/358"}],"wp:attachment":[{"href":"https:\/\/www.teraneo.fr\/site\/wp-json\/wp\/v2\/media?parent=23"}],"curies":[{"name":"wp","href":"https:\/\/api.w.org\/{rel}","templated":true}]}}