{"id":26,"date":"2015-01-26T11:44:06","date_gmt":"2015-01-26T10:44:06","guid":{"rendered":"http:\/\/terabox.cluster006.ovh.net\/site\/?page_id=26"},"modified":"2017-01-20T00:48:40","modified_gmt":"2017-01-19T23:48:40","slug":"strategies-de-sauvegarde","status":"publish","type":"page","link":"https:\/\/www.teraneo.fr\/site\/strategies-de-sauvegarde\/","title":{"rendered":"Strat\u00e9gies de sauvegarde"},"content":{"rendered":"<div class=\"texte\" dir=\"ltr\">\n<p>Vous sauvegardez toutes vos donn\u00e9es, tr\u00e8s facilement et simplement,<\/p>\n<p>&nbsp;<\/p>\n<ul>\n<li>sur site, m\u00eame les plus gros fichiers :<\/li>\n<\/ul>\n<p>&#8211; vid\u00e9os de plusieurs Go, <br \/>\n&#8211; images disques de partitions windows,<br \/>\n&#8211; archives&#8230;<\/p>\n<ul>\n<li>\u00e0 distance, sans se soucier de votre vitesse de connexion internet (transfert nocturne si besoin) :<\/li>\n<\/ul>\n<p>&#8211; il est cependant n\u00e9cessaire de pr\u00e9voir une taille limite pour les fichiers<\/p>\n<\/div>\n<p>exemples de r\u00e9alisation: <a href=\"http:\/\/www.dimeytp.fr\">Dimey TP<\/a><\/p>\n<p><a href=\"http:\/\/www.sasbertrand.fr\">Bertrand SAS<\/a><\/p>\n","protected":false},"excerpt":{"rendered":"<p>Vous sauvegardez toutes vos donn\u00e9es, tr\u00e8s facilement et simplement, &nbsp; sur site, m\u00eame les plus gros fichiers : &#8211; vid\u00e9os de plusieurs Go, &#8211; images disques de partitions windows, &#8211; archives&#8230; \u00e0 distance, sans se soucier de votre vitesse de connexion internet (transfert nocturne si besoin) : &#8211; il est cependant n\u00e9cessaire de pr\u00e9voir une [&hellip;]<\/p>\n","protected":false},"author":1,"featured_media":0,"parent":0,"menu_order":0,"comment_status":"closed","ping_status":"open","template":"","meta":{"footnotes":""},"class_list":["post-26","page","type-page","status-publish"],"_links":{"self":[{"href":"https:\/\/www.teraneo.fr\/site\/wp-json\/wp\/v2\/pages\/26","targetHints":{"allow":["GET"]}}],"collection":[{"href":"https:\/\/www.teraneo.fr\/site\/wp-json\/wp\/v2\/pages"}],"about":[{"href":"https:\/\/www.teraneo.fr\/site\/wp-json\/wp\/v2\/types\/page"}],"author":[{"embeddable":true,"href":"https:\/\/www.teraneo.fr\/site\/wp-json\/wp\/v2\/users\/1"}],"replies":[{"embeddable":true,"href":"https:\/\/www.teraneo.fr\/site\/wp-json\/wp\/v2\/comments?post=26"}],"version-history":[{"count":4,"href":"https:\/\/www.teraneo.fr\/site\/wp-json\/wp\/v2\/pages\/26\/revisions"}],"predecessor-version":[{"id":434,"href":"https:\/\/www.teraneo.fr\/site\/wp-json\/wp\/v2\/pages\/26\/revisions\/434"}],"wp:attachment":[{"href":"https:\/\/www.teraneo.fr\/site\/wp-json\/wp\/v2\/media?parent=26"}],"curies":[{"name":"wp","href":"https:\/\/api.w.org\/{rel}","templated":true}]}}