{"id":37,"date":"2015-01-26T11:53:11","date_gmt":"2015-01-26T10:53:11","guid":{"rendered":"http:\/\/terabox.cluster006.ovh.net\/site\/?page_id=37"},"modified":"2017-11-28T21:20:21","modified_gmt":"2017-11-28T20:20:21","slug":"sauvegarde-distante","status":"publish","type":"page","link":"https:\/\/www.teraneo.fr\/site\/strategies-de-sauvegarde\/sauvegarde-distante\/","title":{"rendered":"Sauvegarde distante"},"content":{"rendered":"<div class=\"texte\" dir=\"ltr\">\n<p>Sauvegardez tous vos fichiers sur un serveur fran\u00e7ais s\u00e9curis\u00e9, disponible 24\/7\u00a0:<\/p>\n<ul class=\"spip\">\n<li>documents importants<\/li>\n<li>comptabilit\u00e9<\/li>\n<li>factures<\/li>\n<li>photos<\/li>\n<li>musique<\/li>\n<li>vid\u00e9os<\/li>\n<\/ul>\n<p>&nbsp;<\/p>\n<div class=\"texte\" dir=\"ltr\">\n<hr \/>\n<p>&nbsp;<\/p>\n<p>Qu\u2019il est facile d\u2019oublier de lancer un backup. Pour un co\u00fbt largement inf\u00e9rieur \u00e0 ce que propose mon \u00e9diteur de logiciel de gestion professionnelle (voire m\u00eame inexistant chez certains), vous pouvez facilement garder une copie compl\u00e8te de vos donn\u00e9es sur un serveur localis\u00e9 en France, accessible \u00e0 tout moment.<\/p>\n<p>La plupart des logiciels sont compatibles, notamment : Actibase, AssistoVet, Bourgelat, Carestream Trophy Gestion, DrVeto, EDL Xplore, IQ-RIS, IQ-View, Global Imaging, Schein Julie, Penaranda Pirad, VES, Vetphi, Vetocom, Vetopartner, Visiodent&#8230;<\/p>\n<p>Votre logiciel n\u2019est pas list\u00e9\u00a0? Contactez-nous pour un devis sp\u00e9cifique.<\/p>\n<p>&nbsp;<\/p>\n<hr \/>\n<p>&nbsp;<\/p>\n<div class=\"texte\" dir=\"ltr\">\n<p>Vous pouvez sauvegarder de mani\u00e8re simple et automatique l\u2019ensemble de vos donn\u00e9es, ou une s\u00e9lection de dossiers et fichiers, sur un serveur distant accessible par internet. C\u2019est \u00e7a le Cloud\u00a0!<\/p>\n<p>Faites attention \u00e0 bien rester le seul ma\u00eetre de vos donn\u00e9es et ne pas les laisser s\u2019\u00e9parpiller sur le net et devenir visibles&#8230; d\u2019o\u00f9 l\u2019int\u00e9r\u00eat de s\u00e9lectionner un h\u00e9bergeur qui poss\u00e8de des chartes de d\u00e9ontologie et de confidentialit\u00e9, tout en \u00e9tant soumis \u00e0 la loi fran\u00e7aise.<br class=\"autobr\" \/><br \/>\n Pensez bien que vous \u00eates le seul \u00e0 poss\u00e9der l\u2019acc\u00e8s s\u00e9curis\u00e9 et le mot de passe associ\u00e9<\/p>\n<p>Acc\u00e8s par FTP s\u00e9curis\u00e9<\/p>\n<ul class=\"spip\">\n<li>Stockage des fichiers en France dans deux datacenters performants (op\u00e9rationnels 24\/7, avec un taux de disponibilit\u00e9 de 99.9%\u00a0: Roubaix &#8211; 59 et Strasbourg &#8211; 67).<\/li>\n<li>Cryptage TLS 2048bit, une protection robuste.<\/li>\n<li>Gestion des quotas par utilisateur.<\/li>\n<\/ul>\n<p>Des espaces disque disponible de 5 Go \u00e0 500 Go pour les besoins courants, mais il n\u2019est plus rare de fournir des configurations \u00e0 plus de 50 To .<br class=\"autobr\" \/><br \/>\nA tout moment, vous avez un acc\u00e8s direct \u00e0 vos donn\u00e9es, avec notre logiciel ou bien directement dans votre navigateur web.<\/p>\n<\/div>\n<\/div>\n<\/div>\n","protected":false},"excerpt":{"rendered":"<p>Sauvegardez tous vos fichiers sur un serveur fran\u00e7ais s\u00e9curis\u00e9, disponible 24\/7\u00a0: documents importants comptabilit\u00e9 factures photos musique vid\u00e9os &nbsp; &nbsp; Qu\u2019il est facile d\u2019oublier de lancer un backup. Pour un co\u00fbt largement inf\u00e9rieur \u00e0 ce que propose mon \u00e9diteur de logiciel de gestion professionnelle (voire m\u00eame inexistant chez certains), vous pouvez facilement garder une copie [&hellip;]<\/p>\n","protected":false},"author":1,"featured_media":0,"parent":26,"menu_order":0,"comment_status":"closed","ping_status":"open","template":"","meta":{"footnotes":""},"class_list":["post-37","page","type-page","status-publish"],"_links":{"self":[{"href":"https:\/\/www.teraneo.fr\/site\/wp-json\/wp\/v2\/pages\/37","targetHints":{"allow":["GET"]}}],"collection":[{"href":"https:\/\/www.teraneo.fr\/site\/wp-json\/wp\/v2\/pages"}],"about":[{"href":"https:\/\/www.teraneo.fr\/site\/wp-json\/wp\/v2\/types\/page"}],"author":[{"embeddable":true,"href":"https:\/\/www.teraneo.fr\/site\/wp-json\/wp\/v2\/users\/1"}],"replies":[{"embeddable":true,"href":"https:\/\/www.teraneo.fr\/site\/wp-json\/wp\/v2\/comments?post=37"}],"version-history":[{"count":6,"href":"https:\/\/www.teraneo.fr\/site\/wp-json\/wp\/v2\/pages\/37\/revisions"}],"predecessor-version":[{"id":455,"href":"https:\/\/www.teraneo.fr\/site\/wp-json\/wp\/v2\/pages\/37\/revisions\/455"}],"up":[{"embeddable":true,"href":"https:\/\/www.teraneo.fr\/site\/wp-json\/wp\/v2\/pages\/26"}],"wp:attachment":[{"href":"https:\/\/www.teraneo.fr\/site\/wp-json\/wp\/v2\/media?parent=37"}],"curies":[{"name":"wp","href":"https:\/\/api.w.org\/{rel}","templated":true}]}}