{"id":399,"date":"2016-11-07T10:34:54","date_gmt":"2016-11-07T09:34:54","guid":{"rendered":"http:\/\/www.teraneo.fr\/site\/?page_id=399"},"modified":"2018-10-30T22:37:15","modified_gmt":"2018-10-30T21:37:15","slug":"medtab","status":"publish","type":"page","link":"https:\/\/www.teraneo.fr\/site\/medtab\/","title":{"rendered":"MedTab"},"content":{"rendered":"<p>Tablette m\u00e9dicale DICOM Med-Tab v2<\/p>\n<p>Ecran 13&Prime; de qualit\u00e9 trait\u00e9 anti reflet, avec haute luminosit\u00e9 et haute r\u00e9solution<\/p>\n<p>S\u00e9lection du mode couleur ou du mode DICOM en niveaux de gris sur 11 bit<\/p>\n<p>Connectivit\u00e9 Wifi, Bluetooth<\/p>\n<p>Logiciel m\u00e9dical au choix : votre viewer habituel ou un viewer m\u00e9dical connectable sur VOTRE syst\u00e8me PACS<\/p>\n<p>Documentation PDF (en anglais) : <a href=\"https:\/\/www.teraneo.fr\/site\/wp-content\/uploads\/2018\/10\/MED-TAB-v.2-Brochure.pdf\">Med-Tab<\/a><\/p>\n<p>&nbsp;<\/p>\n\n<div class=\"wpcf7 no-js\" id=\"wpcf7-f108-o1\" lang=\"fr-FR\" dir=\"ltr\" data-wpcf7-id=\"108\">\n<div class=\"screen-reader-response\"><p role=\"status\" aria-live=\"polite\" aria-atomic=\"true\"><\/p> <ul><\/ul><\/div>\n<form action=\"\/site\/wp-json\/wp\/v2\/pages\/399#wpcf7-f108-o1\" method=\"post\" class=\"wpcf7-form init\" aria-label=\"Formulaire de contact\" novalidate=\"novalidate\" data-status=\"init\">\n<fieldset class=\"hidden-fields-container\"><input type=\"hidden\" name=\"_wpcf7\" value=\"108\" \/><input type=\"hidden\" name=\"_wpcf7_version\" value=\"6.1.5\" \/><input type=\"hidden\" name=\"_wpcf7_locale\" value=\"fr_FR\" \/><input type=\"hidden\" name=\"_wpcf7_unit_tag\" value=\"wpcf7-f108-o1\" \/><input type=\"hidden\" name=\"_wpcf7_container_post\" value=\"0\" \/><input type=\"hidden\" name=\"_wpcf7_posted_data_hash\" value=\"\" \/><input type=\"hidden\" name=\"_wpcf7_recaptcha_response\" value=\"\" \/>\n<\/fieldset>\n<p>Votre nom (obligatoire)\n<\/p>\n<p><span class=\"wpcf7-form-control-wrap\" data-name=\"your-name\"><input size=\"40\" maxlength=\"400\" class=\"wpcf7-form-control wpcf7-text wpcf7-validates-as-required\" aria-required=\"true\" aria-invalid=\"false\" value=\"\" type=\"text\" name=\"your-name\" \/><\/span>\n<\/p>\n<p>Votre email (obligatoire)\n<\/p>\n<p><span class=\"wpcf7-form-control-wrap\" data-name=\"your-email\"><input size=\"40\" maxlength=\"400\" class=\"wpcf7-form-control wpcf7-email wpcf7-validates-as-required wpcf7-text wpcf7-validates-as-email\" aria-required=\"true\" aria-invalid=\"false\" value=\"\" type=\"email\" name=\"your-email\" \/><\/span>\n<\/p>\n<p>Sujet\n<\/p>\n<p><span class=\"wpcf7-form-control-wrap\" data-name=\"your-subject\"><input size=\"40\" maxlength=\"400\" class=\"wpcf7-form-control wpcf7-text\" aria-invalid=\"false\" value=\"\" type=\"text\" name=\"your-subject\" \/><\/span>\n<\/p>\n<p>Votre message\n<\/p>\n<p><span class=\"wpcf7-form-control-wrap\" data-name=\"your-message\"><textarea cols=\"40\" rows=\"10\" maxlength=\"2000\" class=\"wpcf7-form-control wpcf7-textarea\" aria-invalid=\"false\" name=\"your-message\"><\/textarea><\/span>\n<\/p>\n<p><input class=\"wpcf7-form-control wpcf7-submit has-spinner\" type=\"submit\" value=\"Envoyer\" \/>\n<\/p><div class=\"wpcf7-response-output\" aria-hidden=\"true\"><\/div>\n<\/form>\n<\/div>\n\n","protected":false},"excerpt":{"rendered":"<p>Tablette m\u00e9dicale DICOM Med-Tab v2 Ecran 13&Prime; de qualit\u00e9 trait\u00e9 anti reflet, avec haute luminosit\u00e9 et haute r\u00e9solution S\u00e9lection du mode couleur ou du mode DICOM en niveaux de gris sur 11 bit Connectivit\u00e9 Wifi, Bluetooth Logiciel m\u00e9dical au choix : votre viewer habituel ou un viewer m\u00e9dical connectable sur VOTRE syst\u00e8me PACS Documentation PDF [&hellip;]<\/p>\n","protected":false},"author":1,"featured_media":0,"parent":0,"menu_order":0,"comment_status":"closed","ping_status":"closed","template":"","meta":{"footnotes":""},"class_list":["post-399","page","type-page","status-publish"],"_links":{"self":[{"href":"https:\/\/www.teraneo.fr\/site\/wp-json\/wp\/v2\/pages\/399","targetHints":{"allow":["GET"]}}],"collection":[{"href":"https:\/\/www.teraneo.fr\/site\/wp-json\/wp\/v2\/pages"}],"about":[{"href":"https:\/\/www.teraneo.fr\/site\/wp-json\/wp\/v2\/types\/page"}],"author":[{"embeddable":true,"href":"https:\/\/www.teraneo.fr\/site\/wp-json\/wp\/v2\/users\/1"}],"replies":[{"embeddable":true,"href":"https:\/\/www.teraneo.fr\/site\/wp-json\/wp\/v2\/comments?post=399"}],"version-history":[{"count":6,"href":"https:\/\/www.teraneo.fr\/site\/wp-json\/wp\/v2\/pages\/399\/revisions"}],"predecessor-version":[{"id":506,"href":"https:\/\/www.teraneo.fr\/site\/wp-json\/wp\/v2\/pages\/399\/revisions\/506"}],"wp:attachment":[{"href":"https:\/\/www.teraneo.fr\/site\/wp-json\/wp\/v2\/media?parent=399"}],"curies":[{"name":"wp","href":"https:\/\/api.w.org\/{rel}","templated":true}]}}