{"id":435,"date":"2017-01-20T00:50:19","date_gmt":"2017-01-19T23:50:19","guid":{"rendered":"http:\/\/www.teraneo.fr\/site\/?page_id=435"},"modified":"2017-01-20T00:50:19","modified_gmt":"2017-01-19T23:50:19","slug":"references","status":"publish","type":"page","link":"https:\/\/www.teraneo.fr\/site\/references\/","title":{"rendered":"R\u00e9f\u00e9rences"},"content":{"rendered":"<p>Quelques r\u00e9f\u00e9rences<\/p>\n<p>&nbsp;<\/p>\n<p><a href=\"http:\/\/www.sasbertrand.fr\/moyens-techniques\">Soci\u00e9t\u00e9 Bertrand<\/a><\/p>\n","protected":false},"excerpt":{"rendered":"<p>Quelques r\u00e9f\u00e9rences &nbsp; Soci\u00e9t\u00e9 Bertrand<\/p>\n","protected":false},"author":1,"featured_media":0,"parent":0,"menu_order":0,"comment_status":"closed","ping_status":"closed","template":"","meta":{"footnotes":""},"class_list":["post-435","page","type-page","status-publish"],"_links":{"self":[{"href":"https:\/\/www.teraneo.fr\/site\/wp-json\/wp\/v2\/pages\/435","targetHints":{"allow":["GET"]}}],"collection":[{"href":"https:\/\/www.teraneo.fr\/site\/wp-json\/wp\/v2\/pages"}],"about":[{"href":"https:\/\/www.teraneo.fr\/site\/wp-json\/wp\/v2\/types\/page"}],"author":[{"embeddable":true,"href":"https:\/\/www.teraneo.fr\/site\/wp-json\/wp\/v2\/users\/1"}],"replies":[{"embeddable":true,"href":"https:\/\/www.teraneo.fr\/site\/wp-json\/wp\/v2\/comments?post=435"}],"version-history":[{"count":1,"href":"https:\/\/www.teraneo.fr\/site\/wp-json\/wp\/v2\/pages\/435\/revisions"}],"predecessor-version":[{"id":436,"href":"https:\/\/www.teraneo.fr\/site\/wp-json\/wp\/v2\/pages\/435\/revisions\/436"}],"wp:attachment":[{"href":"https:\/\/www.teraneo.fr\/site\/wp-json\/wp\/v2\/media?parent=435"}],"curies":[{"name":"wp","href":"https:\/\/api.w.org\/{rel}","templated":true}]}}