{"id":459,"date":"2017-11-29T17:08:55","date_gmt":"2017-11-29T16:08:55","guid":{"rendered":"http:\/\/www.teraneo.fr\/site\/?page_id=459"},"modified":"2017-11-29T17:08:55","modified_gmt":"2017-11-29T16:08:55","slug":"iq-4view","status":"publish","type":"page","link":"https:\/\/www.teraneo.fr\/site\/iq-4view\/","title":{"rendered":"Visualisation DICOM IQ-4VIEW"},"content":{"rendered":"<p>Viewer DICOM HTML5 nouvelle g\u00e9n\u00e9ration<br \/>\n Int\u00e9gr\u00e9 dans votre navigateur internet<\/p>\n<p>Sans installation !<\/p>\n<p>Consultation sur site et \u00e0 distance<\/p>\n<p>Disponible sur Smartphone, Tablette, PC\/Mac et Linux<\/p>\n<p>&nbsp;<\/p>\n","protected":false},"excerpt":{"rendered":"<p>Viewer DICOM HTML5 nouvelle g\u00e9n\u00e9ration Int\u00e9gr\u00e9 dans votre navigateur internet Sans installation ! Consultation sur site et \u00e0 distance Disponible sur Smartphone, Tablette, PC\/Mac et Linux &nbsp;<\/p>\n","protected":false},"author":1,"featured_media":0,"parent":0,"menu_order":0,"comment_status":"closed","ping_status":"closed","template":"","meta":{"footnotes":""},"class_list":["post-459","page","type-page","status-publish"],"_links":{"self":[{"href":"https:\/\/www.teraneo.fr\/site\/wp-json\/wp\/v2\/pages\/459","targetHints":{"allow":["GET"]}}],"collection":[{"href":"https:\/\/www.teraneo.fr\/site\/wp-json\/wp\/v2\/pages"}],"about":[{"href":"https:\/\/www.teraneo.fr\/site\/wp-json\/wp\/v2\/types\/page"}],"author":[{"embeddable":true,"href":"https:\/\/www.teraneo.fr\/site\/wp-json\/wp\/v2\/users\/1"}],"replies":[{"embeddable":true,"href":"https:\/\/www.teraneo.fr\/site\/wp-json\/wp\/v2\/comments?post=459"}],"version-history":[{"count":1,"href":"https:\/\/www.teraneo.fr\/site\/wp-json\/wp\/v2\/pages\/459\/revisions"}],"predecessor-version":[{"id":460,"href":"https:\/\/www.teraneo.fr\/site\/wp-json\/wp\/v2\/pages\/459\/revisions\/460"}],"wp:attachment":[{"href":"https:\/\/www.teraneo.fr\/site\/wp-json\/wp\/v2\/media?parent=459"}],"curies":[{"name":"wp","href":"https:\/\/api.w.org\/{rel}","templated":true}]}}