{"id":51,"date":"2015-01-26T12:00:07","date_gmt":"2015-01-26T11:00:07","guid":{"rendered":"http:\/\/terabox.cluster006.ovh.net\/site\/?page_id=51"},"modified":"2018-10-30T22:36:37","modified_gmt":"2018-10-30T21:36:37","slug":"archivage-long-terme","status":"publish","type":"page","link":"https:\/\/www.teraneo.fr\/site\/radiologie\/archivage-long-terme\/","title":{"rendered":"Archivage long-terme"},"content":{"rendered":"<div class=\"texte\" dir=\"ltr\">\n<p>Nous vous proposons des solutions logicielles tr\u00e8s performantes avec le logiciel \u00ab\u00a0IQ-Web\u00a0\u00bb pour stocker et archiver de mani\u00e8re fiable et s\u00e9curis\u00e9e toutes les images m\u00e9dicales au format DICOM produites par vos diff\u00e9rentes modalit\u00e9s d\u2019imagerie.<\/p>\n<p>IQ-WEB <strong><a href=\"https:\/\/www.teraneo.fr\/site\/wp-content\/uploads\/2018\/10\/iQ-WEB-6.6.2-Brochure.pdf\">(brochure)<\/a><\/strong> est un serveur robuste de stockage d\u2019images DICOM (PACS)<\/p>\n<ul class=\"spip\">\n<li>Par d\u00e9faut, 5 AETitles sont disponibles, selon votre configuration des licences sont disponibles pour 10, 15, 20 AET, voire plus.<\/li>\n<li>Serveur Query\/Retrieve<\/li>\n<li>Classes Dicom Store, Worklist, Print, Storage Commit<\/li>\n<li>Archivage tr\u00e8s long terme de forte capacit\u00e9 (plusieurs dizaines de TeraOctets), valid\u00e9 pour les tr\u00e8s nombreux examens (5 000 000 images par an)<\/li>\n<li>Connexion de tout viewer au format Dicom<\/li>\n<li>Interface web accessible par votre navigateur<\/li>\n<\/ul>\n<p><strong>Nouveau !<br \/>\n<\/strong><\/p>\n<ul>\n<li>Nouveau viewer dicom: acc\u00e8s aux fonctions avanc\u00e9es de traitement image avec le mode streaming <strong>IQ-4VIEW<\/strong>, disponible pour tout navigateur et syst\u00e8me d&rsquo;exploitation (y compris mobile)<\/li>\n<li>pas de module \u00e0 installer, seulement un navigateur r\u00e9cent supportant HTML5<\/li>\n<li>affichage tr\u00e8s rapide m\u00eame pour les multiples s\u00e9ries en scan\/irm<\/li>\n<li>id\u00e9al pour le t\u00e9l\u00e9diagnostic en environnement multi-sites<\/li>\n<li>version optimis\u00e9e pour un gain de rapidit\u00e9<\/li>\n<\/ul>\n<p>Une version de d\u00e9monstration valable 30 jours est disponible, contactez-nous\u00a0!<\/p>\n\n<div class=\"wpcf7 no-js\" id=\"wpcf7-f108-o1\" lang=\"fr-FR\" dir=\"ltr\" data-wpcf7-id=\"108\">\n<div class=\"screen-reader-response\"><p role=\"status\" aria-live=\"polite\" aria-atomic=\"true\"><\/p> <ul><\/ul><\/div>\n<form action=\"\/site\/wp-json\/wp\/v2\/pages\/51#wpcf7-f108-o1\" method=\"post\" class=\"wpcf7-form init\" aria-label=\"Formulaire de contact\" novalidate=\"novalidate\" data-status=\"init\">\n<fieldset class=\"hidden-fields-container\"><input type=\"hidden\" name=\"_wpcf7\" value=\"108\" \/><input type=\"hidden\" name=\"_wpcf7_version\" value=\"6.1.5\" \/><input type=\"hidden\" name=\"_wpcf7_locale\" value=\"fr_FR\" \/><input type=\"hidden\" name=\"_wpcf7_unit_tag\" value=\"wpcf7-f108-o1\" \/><input type=\"hidden\" name=\"_wpcf7_container_post\" value=\"0\" \/><input type=\"hidden\" name=\"_wpcf7_posted_data_hash\" value=\"\" \/><input type=\"hidden\" name=\"_wpcf7_recaptcha_response\" value=\"\" \/>\n<\/fieldset>\n<p>Votre nom (obligatoire)\n<\/p>\n<p><span class=\"wpcf7-form-control-wrap\" data-name=\"your-name\"><input size=\"40\" maxlength=\"400\" class=\"wpcf7-form-control wpcf7-text wpcf7-validates-as-required\" aria-required=\"true\" aria-invalid=\"false\" value=\"\" type=\"text\" name=\"your-name\" \/><\/span>\n<\/p>\n<p>Votre email (obligatoire)\n<\/p>\n<p><span class=\"wpcf7-form-control-wrap\" data-name=\"your-email\"><input size=\"40\" maxlength=\"400\" class=\"wpcf7-form-control wpcf7-email wpcf7-validates-as-required wpcf7-text wpcf7-validates-as-email\" aria-required=\"true\" aria-invalid=\"false\" value=\"\" type=\"email\" name=\"your-email\" \/><\/span>\n<\/p>\n<p>Sujet\n<\/p>\n<p><span class=\"wpcf7-form-control-wrap\" data-name=\"your-subject\"><input size=\"40\" maxlength=\"400\" class=\"wpcf7-form-control wpcf7-text\" aria-invalid=\"false\" value=\"\" type=\"text\" name=\"your-subject\" \/><\/span>\n<\/p>\n<p>Votre message\n<\/p>\n<p><span class=\"wpcf7-form-control-wrap\" data-name=\"your-message\"><textarea cols=\"40\" rows=\"10\" maxlength=\"2000\" class=\"wpcf7-form-control wpcf7-textarea\" aria-invalid=\"false\" name=\"your-message\"><\/textarea><\/span>\n<\/p>\n<p><input class=\"wpcf7-form-control wpcf7-submit has-spinner\" type=\"submit\" value=\"Envoyer\" \/>\n<\/p><div class=\"wpcf7-response-output\" aria-hidden=\"true\"><\/div>\n<\/form>\n<\/div>\n\n<p>&nbsp;<\/p>\n<\/div>\n","protected":false},"excerpt":{"rendered":"<p>Nous vous proposons des solutions logicielles tr\u00e8s performantes avec le logiciel \u00ab\u00a0IQ-Web\u00a0\u00bb pour stocker et archiver de mani\u00e8re fiable et s\u00e9curis\u00e9e toutes les images m\u00e9dicales au format DICOM produites par vos diff\u00e9rentes modalit\u00e9s d\u2019imagerie. IQ-WEB (brochure) est un serveur robuste de stockage d\u2019images DICOM (PACS) Par d\u00e9faut, 5 AETitles sont disponibles, selon votre configuration des [&hellip;]<\/p>\n","protected":false},"author":1,"featured_media":337,"parent":2,"menu_order":0,"comment_status":"closed","ping_status":"open","template":"","meta":{"footnotes":""},"class_list":["post-51","page","type-page","status-publish","has-post-thumbnail"],"_links":{"self":[{"href":"https:\/\/www.teraneo.fr\/site\/wp-json\/wp\/v2\/pages\/51","targetHints":{"allow":["GET"]}}],"collection":[{"href":"https:\/\/www.teraneo.fr\/site\/wp-json\/wp\/v2\/pages"}],"about":[{"href":"https:\/\/www.teraneo.fr\/site\/wp-json\/wp\/v2\/types\/page"}],"author":[{"embeddable":true,"href":"https:\/\/www.teraneo.fr\/site\/wp-json\/wp\/v2\/users\/1"}],"replies":[{"embeddable":true,"href":"https:\/\/www.teraneo.fr\/site\/wp-json\/wp\/v2\/comments?post=51"}],"version-history":[{"count":13,"href":"https:\/\/www.teraneo.fr\/site\/wp-json\/wp\/v2\/pages\/51\/revisions"}],"predecessor-version":[{"id":505,"href":"https:\/\/www.teraneo.fr\/site\/wp-json\/wp\/v2\/pages\/51\/revisions\/505"}],"up":[{"embeddable":true,"href":"https:\/\/www.teraneo.fr\/site\/wp-json\/wp\/v2\/pages\/2"}],"wp:featuredmedia":[{"embeddable":true,"href":"https:\/\/www.teraneo.fr\/site\/wp-json\/wp\/v2\/media\/337"}],"wp:attachment":[{"href":"https:\/\/www.teraneo.fr\/site\/wp-json\/wp\/v2\/media?parent=51"}],"curies":[{"name":"wp","href":"https:\/\/api.w.org\/{rel}","templated":true}]}}