{"id":53,"date":"2015-01-26T12:00:19","date_gmt":"2015-01-26T11:00:19","guid":{"rendered":"http:\/\/terabox.cluster006.ovh.net\/site\/?page_id=53"},"modified":"2024-02-09T12:18:20","modified_gmt":"2024-02-09T11:18:20","slug":"visualisation","status":"publish","type":"page","link":"https:\/\/www.teraneo.fr\/site\/radiologie\/visualisation\/","title":{"rendered":"Visualisation Dicom"},"content":{"rendered":"<div class=\"texte\" dir=\"ltr\">\n<p>Nous vous proposons des solutions logicielles tr\u00e8s performantes pour visualiser les images DICOM.<\/p>\n<p><strong><a href=\"https:\/\/www.teraneo.fr\/site\/wp-content\/uploads\/2018\/10\/iQ-VIEW-3.1-Brochure.pdf\">iQ-VIEW<\/a><\/strong> est plus qu&rsquo;un simple Viewer Dicom, ce logiciel de diagnostic est tr\u00e8s rapide et puissant, il ne fonctionne que sur plate-forme PC.<\/p>\n<p><strong>Nouvelle version 3.1 disponible !<\/strong><\/p>\n<ul class=\"spip\">\n<li>IQ-View est maintenant compatible <strong>Windows 11<\/strong><\/li>\n<li>Nombreux outils de mesure\u00a0: distance, angle, perpendiculaire&#8230;<\/li>\n<li>Affichage automatique des ant\u00e9c\u00e9dents<\/li>\n<li>Styles visuels<\/li>\n<\/ul>\n<ul class=\"spip\">\n<li>Acc\u00e8s rapide aux dossiers par DICOM Query\/Retrieve, Store et Worklist : Recherche multicrit\u00e8res, raccourcis (pr\u00e9c\u00e9dent, suivant), examen interpr\u00e9t\u00e9 renseign\u00e9 dans la base de donn\u00e9es, tri par colonne&#8230;<\/li>\n<li>Anonymisation facile<\/li>\n<\/ul>\n<ul class=\"spip\">\n<li>Diff\u00e9rents modes d\u2019affichage et comparaison d\u2019examens\u00a0: Multi-d\u00e9coupes, multi-\u00e9crans, multi-modalit\u00e9s, vignettes de pr\u00e9visualisation des s\u00e9ries<\/li>\n<li>Modification de la brillance et du contraste<\/li>\n<li>Rotation, zoom (dynamique), d\u00e9placement et d\u00e9filement<\/li>\n<li>Cache ou diaphragme logiciel Comparaison d\u2019images depuis des dossiers patients diff\u00e9rents<\/li>\n<li>Exportation d\u2019images Fichier au format DICOM<\/li>\n<li>Export au format JPEG avec incrustation des donn\u00e9es patient<\/li>\n<li>Cr\u00e9ation de CD patient avec mini-viewer int\u00e9gr\u00e9 pour PC<\/li>\n<li>Envoi par e-mail (Thunderbird, Windows Mail, Outlook\u2026)<\/li>\n<li>Importation d\u2019images: outil pour scanner et int\u00e9grer facilement un CD patient, une cl\u00e9 USB ou un disque externe<\/li>\n<\/ul>\n<ul class=\"spip\">\n<li>Impression d\u2019images : les clich\u00e9s sont imprimables en DICOM Print sur un reprographe m\u00e9dical ou en Postscript sur une imprimante Windows.<\/li>\n<\/ul>\n<ul class=\"spip\">\n<li><a title=\"Imagerie 3D\" href=\"http:\/\/www.teraneo.fr\/site\/radiologie\/imagerie-3d\/\">Imagerie 3D<\/a> avec le module IQ-3D int\u00e9gr\u00e9 \u00e0 IQ-View : reconstructions MPR, SSD, 2D surfa\u00e7ique.<\/li>\n<\/ul>\n<p>Vous pouvez t\u00e9l\u00e9charger la <a title=\"IQ-View\" href=\"https:\/\/www.teraneo.fr\/soft\/iqview31103.exe\">version de d\u00e9monstration<\/a> valide pendant 30 jours. Si vous souhaitez une aide particuli\u00e8re, contactez-nous&#8230;<\/p>\n\n<div class=\"wpcf7 no-js\" id=\"wpcf7-f108-o1\" lang=\"fr-FR\" dir=\"ltr\" data-wpcf7-id=\"108\">\n<div class=\"screen-reader-response\"><p role=\"status\" aria-live=\"polite\" aria-atomic=\"true\"><\/p> <ul><\/ul><\/div>\n<form action=\"\/site\/wp-json\/wp\/v2\/pages\/53#wpcf7-f108-o1\" method=\"post\" class=\"wpcf7-form init\" aria-label=\"Formulaire de contact\" novalidate=\"novalidate\" data-status=\"init\">\n<fieldset class=\"hidden-fields-container\"><input type=\"hidden\" name=\"_wpcf7\" value=\"108\" \/><input type=\"hidden\" name=\"_wpcf7_version\" value=\"6.1.5\" \/><input type=\"hidden\" name=\"_wpcf7_locale\" value=\"fr_FR\" \/><input type=\"hidden\" name=\"_wpcf7_unit_tag\" value=\"wpcf7-f108-o1\" \/><input type=\"hidden\" name=\"_wpcf7_container_post\" value=\"0\" \/><input type=\"hidden\" name=\"_wpcf7_posted_data_hash\" value=\"\" \/><input type=\"hidden\" name=\"_wpcf7_recaptcha_response\" value=\"\" \/>\n<\/fieldset>\n<p>Votre nom (obligatoire)\n<\/p>\n<p><span class=\"wpcf7-form-control-wrap\" data-name=\"your-name\"><input size=\"40\" maxlength=\"400\" class=\"wpcf7-form-control wpcf7-text wpcf7-validates-as-required\" aria-required=\"true\" aria-invalid=\"false\" value=\"\" type=\"text\" name=\"your-name\" \/><\/span>\n<\/p>\n<p>Votre email (obligatoire)\n<\/p>\n<p><span class=\"wpcf7-form-control-wrap\" data-name=\"your-email\"><input size=\"40\" maxlength=\"400\" class=\"wpcf7-form-control wpcf7-email wpcf7-validates-as-required wpcf7-text wpcf7-validates-as-email\" aria-required=\"true\" aria-invalid=\"false\" value=\"\" type=\"email\" name=\"your-email\" \/><\/span>\n<\/p>\n<p>Sujet\n<\/p>\n<p><span class=\"wpcf7-form-control-wrap\" data-name=\"your-subject\"><input size=\"40\" maxlength=\"400\" class=\"wpcf7-form-control wpcf7-text\" aria-invalid=\"false\" value=\"\" type=\"text\" name=\"your-subject\" \/><\/span>\n<\/p>\n<p>Votre message\n<\/p>\n<p><span class=\"wpcf7-form-control-wrap\" data-name=\"your-message\"><textarea cols=\"40\" rows=\"10\" maxlength=\"2000\" class=\"wpcf7-form-control wpcf7-textarea\" aria-invalid=\"false\" name=\"your-message\"><\/textarea><\/span>\n<\/p>\n<p><input class=\"wpcf7-form-control wpcf7-submit has-spinner\" type=\"submit\" value=\"Envoyer\" \/>\n<\/p><div class=\"wpcf7-response-output\" aria-hidden=\"true\"><\/div>\n<\/form>\n<\/div>\n\n<\/div>\n","protected":false},"excerpt":{"rendered":"<p>Nous vous proposons des solutions logicielles tr\u00e8s performantes pour visualiser les images DICOM. iQ-VIEW est plus qu&rsquo;un simple Viewer Dicom, ce logiciel de diagnostic est tr\u00e8s rapide et puissant, il ne fonctionne que sur plate-forme PC. Nouvelle version 3.1 disponible ! IQ-View est maintenant compatible Windows 11 Nombreux outils de mesure\u00a0: distance, angle, perpendiculaire&#8230; Affichage [&hellip;]<\/p>\n","protected":false},"author":1,"featured_media":0,"parent":2,"menu_order":0,"comment_status":"closed","ping_status":"open","template":"","meta":{"footnotes":""},"class_list":["post-53","page","type-page","status-publish"],"_links":{"self":[{"href":"https:\/\/www.teraneo.fr\/site\/wp-json\/wp\/v2\/pages\/53","targetHints":{"allow":["GET"]}}],"collection":[{"href":"https:\/\/www.teraneo.fr\/site\/wp-json\/wp\/v2\/pages"}],"about":[{"href":"https:\/\/www.teraneo.fr\/site\/wp-json\/wp\/v2\/types\/page"}],"author":[{"embeddable":true,"href":"https:\/\/www.teraneo.fr\/site\/wp-json\/wp\/v2\/users\/1"}],"replies":[{"embeddable":true,"href":"https:\/\/www.teraneo.fr\/site\/wp-json\/wp\/v2\/comments?post=53"}],"version-history":[{"count":19,"href":"https:\/\/www.teraneo.fr\/site\/wp-json\/wp\/v2\/pages\/53\/revisions"}],"predecessor-version":[{"id":576,"href":"https:\/\/www.teraneo.fr\/site\/wp-json\/wp\/v2\/pages\/53\/revisions\/576"}],"up":[{"embeddable":true,"href":"https:\/\/www.teraneo.fr\/site\/wp-json\/wp\/v2\/pages\/2"}],"wp:attachment":[{"href":"https:\/\/www.teraneo.fr\/site\/wp-json\/wp\/v2\/media?parent=53"}],"curies":[{"name":"wp","href":"https:\/\/api.w.org\/{rel}","templated":true}]}}