{"id":557,"date":"2023-04-06T08:19:02","date_gmt":"2023-04-06T07:19:02","guid":{"rendered":"https:\/\/www.teraneo.fr\/site\/?page_id=557"},"modified":"2023-04-06T08:22:35","modified_gmt":"2023-04-06T07:22:35","slug":"vetbox-advanced","status":"publish","type":"page","link":"https:\/\/www.teraneo.fr\/site\/imagerie-veterinaire\/vetbox-advanced\/","title":{"rendered":"Archivage Vetbox Advanced"},"content":{"rendered":"\n<p>Le syst\u00e8me <a href=\"https:\/\/www.teraneo.fr\/site\/wp-content\/uploads\/2018\/01\/Vetbox-equine-v4.0-BD.pdf\">Vetbox ADVANCED<\/a> disponible en exclusivit\u00e9 vous permet de centraliser toutes les images num\u00e9riques au format DICOM et de les distribuer efficacement au sein de votre cabinet sur le r\u00e9seau local, et m\u00eame \u00e0 distance avec une connexion 5G.<\/p>\n\n\n\n<p>Disponible avec un serveur sur site ou en Cloud par abonnement.<\/p>\n\n\n\n<p>La nouvelle version <strong>VETBOX 4.0<\/strong> vous offre de nouvelles possibilit\u00e9s&nbsp;:<\/p>\n\n\n\n<ul class=\"wp-block-list\">\n<li>Nouvelle interface adapt\u00e9e aux diff\u00e9rents modes d&rsquo;affichage (t\u00e9l\u00e9phone, tablettes, ordinateur)<\/li>\n\n\n\n<li>Dicomisation par lots des images JPEG (photos, clich\u00e9s in-situ&#8230;) et fichiers PDF (compte-rendus, r\u00e9sultats d&rsquo;analyse&#8230;)<\/li>\n\n\n\n<li>Recherche multi-crit\u00e8res (animal, propri\u00e9taire, date approximative, mots-cl\u00e9s&#8230;)<\/li>\n\n\n\n<li>T\u00e9l\u00e9chargement en un clic du dossier radio contenant les images Jpeg avec surimpression des donn\u00e9es d\u00e9mographiques et votre logo<\/li>\n\n\n\n<li>Int\u00e9gration de s\u00e9quences vid\u00e9o (\u00e9chographie, endoscopie, etc.)<\/li>\n\n\n\n<li>Traitement d&rsquo;images m\u00e9dicales int\u00e9gr\u00e9 au navigateur avec brillance\/contraste, zoom, mesures, comparaison&#8230;<\/li>\n\n\n\n<li>En 3 clics, envoi par email de l\u2019historique patient, avec carnet d\u2019adresses pour faciliter la gestion des contacts<\/li>\n\n\n\n<li>T\u00e9moin d&rsquo;affichage du dossier vu par votre correspondant<\/li>\n\n\n\n<li>Choix des incidences \u00e9ventuelles \u00e0 masquer avant envoi<\/li>\n\n\n\n<li>Fusion automatique des dossiers patient avec correction des fautes d&rsquo;orthographe<\/li>\n\n\n\n<li>Ajout de mots-cl\u00e9s et marquage des cas cliniques int\u00e9ressants pour \u00eatre facilement retrouv\u00e9s<\/li>\n\n\n\n<li>Aide \u00e0 la saisie des rapports<\/li>\n\n\n\n<li>Outils statistiques par praticien et par ann\u00e9e, pour affiner la radioprotection<\/li>\n\n\n\n<li>Tol\u00e9rances de panne (RAID)<\/li>\n\n\n\n<li>Duplication de la sauvegarde sur un serveur distant s\u00e9curis\u00e9<\/li>\n\n\n\n<li>Et bien plus encore&#8230;<\/li>\n<\/ul>\n\n\n\n<p>Pour obtenir plus d\u2019informations sur le syst\u00e8me Vetbox ou demander une d\u00e9monstration, veuillez nous contacter&nbsp;:<\/p>\n\n\n\n<div class=\"wpcf7 no-js\" id=\"wpcf7-f108-o1\" lang=\"fr-FR\" dir=\"ltr\" data-wpcf7-id=\"108\">\n<div class=\"screen-reader-response\"><p role=\"status\" aria-live=\"polite\" aria-atomic=\"true\"><\/p> <ul><\/ul><\/div>\n<form action=\"\/site\/wp-json\/wp\/v2\/pages\/557#wpcf7-f108-o1\" method=\"post\" class=\"wpcf7-form init\" aria-label=\"Formulaire de contact\" novalidate=\"novalidate\" data-status=\"init\">\n<fieldset class=\"hidden-fields-container\"><input type=\"hidden\" name=\"_wpcf7\" value=\"108\" \/><input type=\"hidden\" name=\"_wpcf7_version\" value=\"6.1.5\" \/><input type=\"hidden\" name=\"_wpcf7_locale\" value=\"fr_FR\" \/><input type=\"hidden\" name=\"_wpcf7_unit_tag\" value=\"wpcf7-f108-o1\" \/><input type=\"hidden\" name=\"_wpcf7_container_post\" value=\"0\" \/><input type=\"hidden\" name=\"_wpcf7_posted_data_hash\" value=\"\" \/><input type=\"hidden\" name=\"_wpcf7_recaptcha_response\" value=\"\" \/>\n<\/fieldset>\n<p>Votre nom (obligatoire)\n<\/p>\n<p><span class=\"wpcf7-form-control-wrap\" data-name=\"your-name\"><input size=\"40\" maxlength=\"400\" class=\"wpcf7-form-control wpcf7-text wpcf7-validates-as-required\" aria-required=\"true\" aria-invalid=\"false\" value=\"\" type=\"text\" name=\"your-name\" \/><\/span>\n<\/p>\n<p>Votre email (obligatoire)\n<\/p>\n<p><span class=\"wpcf7-form-control-wrap\" data-name=\"your-email\"><input size=\"40\" maxlength=\"400\" class=\"wpcf7-form-control wpcf7-email wpcf7-validates-as-required wpcf7-text wpcf7-validates-as-email\" aria-required=\"true\" aria-invalid=\"false\" value=\"\" type=\"email\" name=\"your-email\" \/><\/span>\n<\/p>\n<p>Sujet\n<\/p>\n<p><span class=\"wpcf7-form-control-wrap\" data-name=\"your-subject\"><input size=\"40\" maxlength=\"400\" class=\"wpcf7-form-control wpcf7-text\" aria-invalid=\"false\" value=\"\" type=\"text\" name=\"your-subject\" \/><\/span>\n<\/p>\n<p>Votre message\n<\/p>\n<p><span class=\"wpcf7-form-control-wrap\" data-name=\"your-message\"><textarea cols=\"40\" rows=\"10\" maxlength=\"2000\" class=\"wpcf7-form-control wpcf7-textarea\" aria-invalid=\"false\" name=\"your-message\"><\/textarea><\/span>\n<\/p>\n<p><input class=\"wpcf7-form-control wpcf7-submit has-spinner\" type=\"submit\" value=\"Envoyer\" \/>\n<\/p><div class=\"wpcf7-response-output\" aria-hidden=\"true\"><\/div>\n<\/form>\n<\/div>\n\n","protected":false},"excerpt":{"rendered":"<p>Le syst\u00e8me Vetbox ADVANCED disponible en exclusivit\u00e9 vous permet de centraliser toutes les images num\u00e9riques au format DICOM et de les distribuer efficacement au sein de votre cabinet sur le r\u00e9seau local, et m\u00eame \u00e0 distance avec une connexion 5G. Disponible avec un serveur sur site ou en Cloud par abonnement. La nouvelle version VETBOX [&hellip;]<\/p>\n","protected":false},"author":1,"featured_media":0,"parent":23,"menu_order":0,"comment_status":"closed","ping_status":"closed","template":"","meta":{"footnotes":""},"class_list":["post-557","page","type-page","status-publish"],"_links":{"self":[{"href":"https:\/\/www.teraneo.fr\/site\/wp-json\/wp\/v2\/pages\/557","targetHints":{"allow":["GET"]}}],"collection":[{"href":"https:\/\/www.teraneo.fr\/site\/wp-json\/wp\/v2\/pages"}],"about":[{"href":"https:\/\/www.teraneo.fr\/site\/wp-json\/wp\/v2\/types\/page"}],"author":[{"embeddable":true,"href":"https:\/\/www.teraneo.fr\/site\/wp-json\/wp\/v2\/users\/1"}],"replies":[{"embeddable":true,"href":"https:\/\/www.teraneo.fr\/site\/wp-json\/wp\/v2\/comments?post=557"}],"version-history":[{"count":4,"href":"https:\/\/www.teraneo.fr\/site\/wp-json\/wp\/v2\/pages\/557\/revisions"}],"predecessor-version":[{"id":562,"href":"https:\/\/www.teraneo.fr\/site\/wp-json\/wp\/v2\/pages\/557\/revisions\/562"}],"up":[{"embeddable":true,"href":"https:\/\/www.teraneo.fr\/site\/wp-json\/wp\/v2\/pages\/23"}],"wp:attachment":[{"href":"https:\/\/www.teraneo.fr\/site\/wp-json\/wp\/v2\/media?parent=557"}],"curies":[{"name":"wp","href":"https:\/\/api.w.org\/{rel}","templated":true}]}}