{"id":57,"date":"2024-01-26T12:01:26","date_gmt":"2024-01-26T11:01:26","guid":{"rendered":"http:\/\/terabox.cluster006.ovh.net\/site\/?page_id=57"},"modified":"2024-02-09T12:28:41","modified_gmt":"2024-02-09T11:28:41","slug":"import-images-dicom","status":"publish","type":"page","link":"https:\/\/www.teraneo.fr\/site\/radiologie\/import-images-dicom\/","title":{"rendered":"Import d&rsquo;images DICOM"},"content":{"rendered":"<div class=\"texte\" dir=\"ltr\">\n<p>Nous vous proposons des solutions logicielles tr\u00e8s performantes pour visualiser les images DICOM.<\/p>\n<p><strong><a href=\"https:\/\/www.teraneo.fr\/site\/wp-content\/uploads\/2018\/10\/DICOMReader-6.0-Brochure.pdf\">DICOMReader<\/a><\/strong> vous permet d\u2019importer automatiquement des images Dicom situ\u00e9es sur un p\u00e9riph\u00e9rique amovible (CD, DVD, cl\u00e9 USB&#8230;) et de les envoyer vers une station de visualisation ou un serveur PACS.<\/p>\n<p>Le logiciel DICOMReader vous offre les fonctionnalit\u00e9s suivantes\u00a0:<\/p>\n<ul class=\"spip\">\n<li>Configuration simple pour tout import<\/li>\n<li>Import automatique des examens patients sur CD, DVD et BluRay une fois le disque ins\u00e9r\u00e9 dans le lecteur<\/li>\n<li>D\u00e9couverte automatique des examens stock\u00e9s sur cl\u00e9s USB ou disques externes<\/li>\n<li>Scan manuel de dossiers si besoin<\/li>\n<li>Support des images compress\u00e9es en JPEG et JPEG 2000 avec ou sans perte (lossy \/ lossless)<\/li>\n<li>Anonymisation possible<\/li>\n<\/ul>\n<p>Nouveaut\u00e9s de la <strong>version 6.1 :<\/strong><\/p>\n<ul class=\"spip\">\n<li>Encore plus rapide en utilisant les processeurs multi-coeurs<\/li>\n<li>V\u00e9rification des donn\u00e9es patient avec le PACS ou le RIS existant<\/li>\n<\/ul>\n<p>Essayez la <a href=\"https:\/\/www.teraneo.fr\/soft\/dicomreader610.exe\">version de d\u00e9monstration<\/a> valide pendant 30 jours. Pour tout renseignement compl\u00e9mentaire, contactez-nous&#8230;<\/p>\n\n<div class=\"wpcf7 no-js\" id=\"wpcf7-f108-o1\" lang=\"fr-FR\" dir=\"ltr\" data-wpcf7-id=\"108\">\n<div class=\"screen-reader-response\"><p role=\"status\" aria-live=\"polite\" aria-atomic=\"true\"><\/p> <ul><\/ul><\/div>\n<form action=\"\/site\/wp-json\/wp\/v2\/pages\/57#wpcf7-f108-o1\" method=\"post\" class=\"wpcf7-form init\" aria-label=\"Formulaire de contact\" novalidate=\"novalidate\" data-status=\"init\">\n<fieldset class=\"hidden-fields-container\"><input type=\"hidden\" name=\"_wpcf7\" value=\"108\" \/><input type=\"hidden\" name=\"_wpcf7_version\" value=\"6.1.5\" \/><input type=\"hidden\" name=\"_wpcf7_locale\" value=\"fr_FR\" \/><input type=\"hidden\" name=\"_wpcf7_unit_tag\" value=\"wpcf7-f108-o1\" \/><input type=\"hidden\" name=\"_wpcf7_container_post\" value=\"0\" \/><input type=\"hidden\" name=\"_wpcf7_posted_data_hash\" value=\"\" \/><input type=\"hidden\" name=\"_wpcf7_recaptcha_response\" value=\"\" \/>\n<\/fieldset>\n<p>Votre nom (obligatoire)\n<\/p>\n<p><span class=\"wpcf7-form-control-wrap\" data-name=\"your-name\"><input size=\"40\" maxlength=\"400\" class=\"wpcf7-form-control wpcf7-text wpcf7-validates-as-required\" aria-required=\"true\" aria-invalid=\"false\" value=\"\" type=\"text\" name=\"your-name\" \/><\/span>\n<\/p>\n<p>Votre email (obligatoire)\n<\/p>\n<p><span class=\"wpcf7-form-control-wrap\" data-name=\"your-email\"><input size=\"40\" maxlength=\"400\" class=\"wpcf7-form-control wpcf7-email wpcf7-validates-as-required wpcf7-text wpcf7-validates-as-email\" aria-required=\"true\" aria-invalid=\"false\" value=\"\" type=\"email\" name=\"your-email\" \/><\/span>\n<\/p>\n<p>Sujet\n<\/p>\n<p><span class=\"wpcf7-form-control-wrap\" data-name=\"your-subject\"><input size=\"40\" maxlength=\"400\" class=\"wpcf7-form-control wpcf7-text\" aria-invalid=\"false\" value=\"\" type=\"text\" name=\"your-subject\" \/><\/span>\n<\/p>\n<p>Votre message\n<\/p>\n<p><span class=\"wpcf7-form-control-wrap\" data-name=\"your-message\"><textarea cols=\"40\" rows=\"10\" maxlength=\"2000\" class=\"wpcf7-form-control wpcf7-textarea\" aria-invalid=\"false\" name=\"your-message\"><\/textarea><\/span>\n<\/p>\n<p><input class=\"wpcf7-form-control wpcf7-submit has-spinner\" type=\"submit\" value=\"Envoyer\" \/>\n<\/p><div class=\"wpcf7-response-output\" aria-hidden=\"true\"><\/div>\n<\/form>\n<\/div>\n\n<\/div>\n","protected":false},"excerpt":{"rendered":"<p>Nous vous proposons des solutions logicielles tr\u00e8s performantes pour visualiser les images DICOM. DICOMReader vous permet d\u2019importer automatiquement des images Dicom situ\u00e9es sur un p\u00e9riph\u00e9rique amovible (CD, DVD, cl\u00e9 USB&#8230;) et de les envoyer vers une station de visualisation ou un serveur PACS. Le logiciel DICOMReader vous offre les fonctionnalit\u00e9s suivantes\u00a0: Configuration simple pour tout [&hellip;]<\/p>\n","protected":false},"author":1,"featured_media":0,"parent":2,"menu_order":0,"comment_status":"closed","ping_status":"closed","template":"","meta":{"footnotes":""},"class_list":["post-57","page","type-page","status-publish"],"_links":{"self":[{"href":"https:\/\/www.teraneo.fr\/site\/wp-json\/wp\/v2\/pages\/57","targetHints":{"allow":["GET"]}}],"collection":[{"href":"https:\/\/www.teraneo.fr\/site\/wp-json\/wp\/v2\/pages"}],"about":[{"href":"https:\/\/www.teraneo.fr\/site\/wp-json\/wp\/v2\/types\/page"}],"author":[{"embeddable":true,"href":"https:\/\/www.teraneo.fr\/site\/wp-json\/wp\/v2\/users\/1"}],"replies":[{"embeddable":true,"href":"https:\/\/www.teraneo.fr\/site\/wp-json\/wp\/v2\/comments?post=57"}],"version-history":[{"count":11,"href":"https:\/\/www.teraneo.fr\/site\/wp-json\/wp\/v2\/pages\/57\/revisions"}],"predecessor-version":[{"id":582,"href":"https:\/\/www.teraneo.fr\/site\/wp-json\/wp\/v2\/pages\/57\/revisions\/582"}],"up":[{"embeddable":true,"href":"https:\/\/www.teraneo.fr\/site\/wp-json\/wp\/v2\/pages\/2"}],"wp:attachment":[{"href":"https:\/\/www.teraneo.fr\/site\/wp-json\/wp\/v2\/media?parent=57"}],"curies":[{"name":"wp","href":"https:\/\/api.w.org\/{rel}","templated":true}]}}