{"id":59,"date":"2015-01-26T12:02:15","date_gmt":"2015-01-26T11:02:15","guid":{"rendered":"http:\/\/terabox.cluster006.ovh.net\/site\/?page_id=59"},"modified":"2017-11-28T21:05:04","modified_gmt":"2017-11-28T20:05:04","slug":"petits-animaux","status":"publish","type":"page","link":"https:\/\/www.teraneo.fr\/site\/imagerie-veterinaire\/petits-animaux\/","title":{"rendered":"Petits animaux"},"content":{"rendered":"<p>Des syst\u00e8mes complets et logiciels sp\u00e9cialis\u00e9s en imagerie v\u00e9t\u00e9rinaire, pour vous faire gagner du temps au quotidien dans la pratique canine, f\u00e9line, et NAC.<\/p>\n<p>Acquisition d&rsquo;images:<br \/>\n &#8211; <a title=\"Syst\u00e8mes CR (plaques phosphores)\" href=\"http:\/\/www.teraneo.fr\/site\/imagerie-veterinaire\/systemes-cr-plaques-phosphores\/\">radiologie CR<\/a><br \/>\n &#8211; <a title=\"Syst\u00e8mes DR (capteur)\" href=\"http:\/\/www.teraneo.fr\/site\/imagerie-veterinaire\/systemes-dr-capteur-canine\/\">radiologie DR<\/a><br \/>\n &#8211; \u00e9chographie<\/p>\n<p><a title=\"Vetbox\" href=\"http:\/\/www.teraneo.fr\/site\/imagerie-veterinaire\/vetbox\/\">Archivage automatique des dossiers<\/a><\/p>\n<p><a title=\"Visualisation multi-postes\" href=\"http:\/\/www.teraneo.fr\/site\/imagerie-veterinaire\/visualisation-dicom-multi-postes\/\">Visualisation des images<\/a><\/p>\n<p><a title=\"Vetbox\" href=\"http:\/\/www.teraneo.fr\/site\/imagerie-veterinaire\/vetbox\/\">\u00a0Transmission \u00e0 vos correspondants<\/a><\/p>\n<p>&nbsp;<\/p>\n","protected":false},"excerpt":{"rendered":"<p>Des syst\u00e8mes complets et logiciels sp\u00e9cialis\u00e9s en imagerie v\u00e9t\u00e9rinaire, pour vous faire gagner du temps au quotidien dans la pratique canine, f\u00e9line, et NAC. Acquisition d&rsquo;images: &#8211; radiologie CR &#8211; radiologie DR &#8211; \u00e9chographie Archivage automatique des dossiers Visualisation des images \u00a0Transmission \u00e0 vos correspondants &nbsp;<\/p>\n","protected":false},"author":1,"featured_media":0,"parent":23,"menu_order":0,"comment_status":"closed","ping_status":"open","template":"","meta":{"footnotes":""},"class_list":["post-59","page","type-page","status-publish"],"_links":{"self":[{"href":"https:\/\/www.teraneo.fr\/site\/wp-json\/wp\/v2\/pages\/59","targetHints":{"allow":["GET"]}}],"collection":[{"href":"https:\/\/www.teraneo.fr\/site\/wp-json\/wp\/v2\/pages"}],"about":[{"href":"https:\/\/www.teraneo.fr\/site\/wp-json\/wp\/v2\/types\/page"}],"author":[{"embeddable":true,"href":"https:\/\/www.teraneo.fr\/site\/wp-json\/wp\/v2\/users\/1"}],"replies":[{"embeddable":true,"href":"https:\/\/www.teraneo.fr\/site\/wp-json\/wp\/v2\/comments?post=59"}],"version-history":[{"count":8,"href":"https:\/\/www.teraneo.fr\/site\/wp-json\/wp\/v2\/pages\/59\/revisions"}],"predecessor-version":[{"id":453,"href":"https:\/\/www.teraneo.fr\/site\/wp-json\/wp\/v2\/pages\/59\/revisions\/453"}],"up":[{"embeddable":true,"href":"https:\/\/www.teraneo.fr\/site\/wp-json\/wp\/v2\/pages\/23"}],"wp:attachment":[{"href":"https:\/\/www.teraneo.fr\/site\/wp-json\/wp\/v2\/media?parent=59"}],"curies":[{"name":"wp","href":"https:\/\/api.w.org\/{rel}","templated":true}]}}