{"id":61,"date":"2015-01-26T12:02:26","date_gmt":"2015-01-26T11:02:26","guid":{"rendered":"http:\/\/terabox.cluster006.ovh.net\/site\/?page_id=61"},"modified":"2017-11-28T21:03:07","modified_gmt":"2017-11-28T20:03:07","slug":"equine","status":"publish","type":"page","link":"https:\/\/www.teraneo.fr\/site\/imagerie-veterinaire\/equine\/","title":{"rendered":"Imagerie Equine"},"content":{"rendered":"<p>Des produits et logiciels d&rsquo;imagerie \u00e9quine, bien adapt\u00e9s aux sp\u00e9cificit\u00e9s du domaine v\u00e9t\u00e9rinaire, sp\u00e9cialis\u00e9s pour les chevaux, pour vous faire gagner du temps.<\/p>\n<p>Syst\u00e8mes d&rsquo;acquisition d&rsquo;images:<br \/>\n&#8211; <a title=\"Syst\u00e8mes CR (plaques phosphores)\" href=\"http:\/\/www.teraneo.fr\/site\/imagerie-veterinaire\/systemes-cr-plaques-phosphores\/\">radiologie CR<\/a><br \/>\n&#8211; <a title=\"Syst\u00e8mes DR (capteur sans fil)\" href=\"http:\/\/www.teraneo.fr\/site\/imagerie-veterinaire\/equine\/systemes-dr-capteur-sans-fil\/\">radiologie DR fixe et portable<\/a><br \/>\n&#8211; \u00e9chographie<\/p>\n<p><a title=\"Vetbox\" href=\"http:\/\/www.teraneo.fr\/site\/imagerie-veterinaire\/vetbox\/\">Archivage automatique des dossiers<\/a> pour stocker sur le long terme toutes vos images et les retrouver tr\u00e8s rapidement.<\/p>\n<p><a title=\"Visualisation multi-postes\" href=\"http:\/\/www.teraneo.fr\/site\/imagerie-veterinaire\/visualisation-dicom-multi-postes\/\">Visualisation des images<\/a> au format m\u00e9dical DICOM, permettant un traitement approfondi : r\u00e9glage des niveaux de gris, zoom, mesures, comparaison avec les anciens examens, etc.<\/p>\n<p><a title=\"Vetbox ADVANCED\" href=\"http:\/\/www.teraneo.fr\/site\/imagerie-veterinaire\/vetbox-advanced\/\">Transmission \u00e0 vos correspondants<\/a> avec le syst\u00e8me Vetbox disponible en exclusivit\u00e9.<\/p>\n<p>Toutes nos solutions sont con\u00e7ues pour \u00eatre utilis\u00e9es facilement avec une grande fiabilit\u00e9.<\/p>\n","protected":false},"excerpt":{"rendered":"<p>Des produits et logiciels d&rsquo;imagerie \u00e9quine, bien adapt\u00e9s aux sp\u00e9cificit\u00e9s du domaine v\u00e9t\u00e9rinaire, sp\u00e9cialis\u00e9s pour les chevaux, pour vous faire gagner du temps. Syst\u00e8mes d&rsquo;acquisition d&rsquo;images: &#8211; radiologie CR &#8211; radiologie DR fixe et portable &#8211; \u00e9chographie Archivage automatique des dossiers pour stocker sur le long terme toutes vos images et les retrouver tr\u00e8s rapidement. [&hellip;]<\/p>\n","protected":false},"author":1,"featured_media":0,"parent":23,"menu_order":0,"comment_status":"closed","ping_status":"open","template":"","meta":{"footnotes":""},"class_list":["post-61","page","type-page","status-publish"],"_links":{"self":[{"href":"https:\/\/www.teraneo.fr\/site\/wp-json\/wp\/v2\/pages\/61","targetHints":{"allow":["GET"]}}],"collection":[{"href":"https:\/\/www.teraneo.fr\/site\/wp-json\/wp\/v2\/pages"}],"about":[{"href":"https:\/\/www.teraneo.fr\/site\/wp-json\/wp\/v2\/types\/page"}],"author":[{"embeddable":true,"href":"https:\/\/www.teraneo.fr\/site\/wp-json\/wp\/v2\/users\/1"}],"replies":[{"embeddable":true,"href":"https:\/\/www.teraneo.fr\/site\/wp-json\/wp\/v2\/comments?post=61"}],"version-history":[{"count":10,"href":"https:\/\/www.teraneo.fr\/site\/wp-json\/wp\/v2\/pages\/61\/revisions"}],"predecessor-version":[{"id":451,"href":"https:\/\/www.teraneo.fr\/site\/wp-json\/wp\/v2\/pages\/61\/revisions\/451"}],"up":[{"embeddable":true,"href":"https:\/\/www.teraneo.fr\/site\/wp-json\/wp\/v2\/pages\/23"}],"wp:attachment":[{"href":"https:\/\/www.teraneo.fr\/site\/wp-json\/wp\/v2\/media?parent=61"}],"curies":[{"name":"wp","href":"https:\/\/api.w.org\/{rel}","templated":true}]}}