{"id":63,"date":"2015-01-26T12:02:55","date_gmt":"2015-01-26T11:02:55","guid":{"rendered":"http:\/\/terabox.cluster006.ovh.net\/site\/?page_id=63"},"modified":"2018-12-20T23:10:14","modified_gmt":"2018-12-20T22:10:14","slug":"vetbox","status":"publish","type":"page","link":"https:\/\/www.teraneo.fr\/site\/imagerie-veterinaire\/vetbox\/","title":{"rendered":"Archivage Vetbox"},"content":{"rendered":"<div class=\"texte\" dir=\"ltr\">\n<p>Le syst\u00e8me <strong>Vetbox<\/strong> disponible en exclusivit\u00e9 permet de centraliser toutes vos images num\u00e9riques et de les distribuer au sein de votre cabinet sur le r\u00e9seau local, et m\u00eame \u00e0 distance sur votre smartphone (iPhone, Android) ou encore mieux, sur votre tablette (iPad avec \u00e9cran Retina, Samsung Galaxy et autres) pour profiter d\u2019une qualit\u00e9 extraordinaire.<\/p>\n<p>Le logiciel est s\u00e9curis\u00e9 et tr\u00e8s simple d\u2019utilisation, particuli\u00e8rement adapt\u00e9 pour les petits animaux (affichage des radios dans tous les postes de consultation) mais \u00e9galement pour la pratique \u00e9quine (envoi des images par e-mail aux propri\u00e9taires des chevaux, tr\u00e8s rapide m\u00eame pour les bilans comportant plus de 20 clich\u00e9s).<\/p>\n<p>Si vous \u00eates \u00e9quip\u00e9s d\u2019une syst\u00e8me de radiologie num\u00e9rique, la <strong>Vetbox <\/strong> est faite pour vous\u00a0! Toutes vos images sont centralis\u00e9es dans un <strong>dossier patient<\/strong> contenant l&rsquo;historique de tous les examens, \u00e0 travers une interface claire et d&rsquo;une facilit\u00e9 d\u00e9concertante.<\/p>\n<p>La <strong>Vetbox <a href=\"http:\/\/www.teraneo.fr\/site\/wp-content\/uploads\/2018\/01\/Vetbox-petits-animaux-v4.0-BD.pdf\">(brochure)<\/a> <\/strong> est compatible avec toutes les sources et modalit\u00e9s Dicom, notamment\u00a0:<\/p>\n<ul class=\"spip\">\n<li>les syst\u00e8mes CR (plaques phosphores) Agfa, Carestream, Examion, Fuji, Konica, Philips<\/li>\n<li>les syst\u00e8mes DR (capteurs) Agfa, Canon, Cuattro, Examion, Foschi, Fuji, Idetec, Idexx, Philips, Rayence, Samsung, Sound-Eklin, VATech, Vieworks<\/li>\n<li>les \u00e9chographes (US) Aloka, Esaote, GE, Philips, Sonosite<\/li>\n<li>les endoscopes (ES) et assimil\u00e9s Arthrex, Karl Storz, Sony<\/li>\n<li>les cam\u00e9ras<\/li>\n<li>les Viewers Dicom et autres PACS supportant la norme Dicom Query\/Retrieve, notamment IQ-View sur PC, Osirix et Horos sur Mac, et bien d&rsquo;autres&#8230;<\/li>\n<li>les scanners (CT) de marques GE, Philips, Siemens<\/li>\n<li>les IRM (MR) Hallmarq, Easote<\/li>\n<\/ul>\n<p>Envoyez facilement en seulement 3 clics le dossier d\u2019imagerie \u00e0 votre correspondant\u00a0!<\/p>\n<p>Nouvelle version 4.0 maintenant disponible, proposant de nouvelles fonctionnalit\u00e9s :<\/p>\n<ul>\n<li>Serveur sur site synchronis\u00e9 avec le Cloud<\/li>\n<li>Dicomisation de vos images<\/li>\n<li>Ajout de mots-cl\u00e9s et de marqueurs pour retrouver facilement les cas cliniques les plus int\u00e9ressants<\/li>\n<li>Partage d&rsquo;examen au format Dicom si n\u00e9cessaire<\/li>\n<\/ul>\n<p>Une version encore plus performante est \u00e9galement disponible: la <a title=\"Vetbox ADVANCED\" href=\"http:\/\/www.teraneo.fr\/site\/imagerie-veterinaire\/vetbox-advanced\/\">Vetbox Advanced<\/a><\/p>\n<p>Contactez-nous pour une d\u00e9monstration.<\/p>\n\n<div class=\"wpcf7 no-js\" id=\"wpcf7-f108-o1\" lang=\"fr-FR\" dir=\"ltr\" data-wpcf7-id=\"108\">\n<div class=\"screen-reader-response\"><p role=\"status\" aria-live=\"polite\" aria-atomic=\"true\"><\/p> <ul><\/ul><\/div>\n<form action=\"\/site\/wp-json\/wp\/v2\/pages\/63#wpcf7-f108-o1\" method=\"post\" class=\"wpcf7-form init\" aria-label=\"Formulaire de contact\" novalidate=\"novalidate\" data-status=\"init\">\n<fieldset class=\"hidden-fields-container\"><input type=\"hidden\" name=\"_wpcf7\" value=\"108\" \/><input type=\"hidden\" name=\"_wpcf7_version\" value=\"6.1.5\" \/><input type=\"hidden\" name=\"_wpcf7_locale\" value=\"fr_FR\" \/><input type=\"hidden\" name=\"_wpcf7_unit_tag\" value=\"wpcf7-f108-o1\" \/><input type=\"hidden\" name=\"_wpcf7_container_post\" value=\"0\" \/><input type=\"hidden\" name=\"_wpcf7_posted_data_hash\" value=\"\" \/><input type=\"hidden\" name=\"_wpcf7_recaptcha_response\" value=\"\" \/>\n<\/fieldset>\n<p>Votre nom (obligatoire)\n<\/p>\n<p><span class=\"wpcf7-form-control-wrap\" data-name=\"your-name\"><input size=\"40\" maxlength=\"400\" class=\"wpcf7-form-control wpcf7-text wpcf7-validates-as-required\" aria-required=\"true\" aria-invalid=\"false\" value=\"\" type=\"text\" name=\"your-name\" \/><\/span>\n<\/p>\n<p>Votre email (obligatoire)\n<\/p>\n<p><span class=\"wpcf7-form-control-wrap\" data-name=\"your-email\"><input size=\"40\" maxlength=\"400\" class=\"wpcf7-form-control wpcf7-email wpcf7-validates-as-required wpcf7-text wpcf7-validates-as-email\" aria-required=\"true\" aria-invalid=\"false\" value=\"\" type=\"email\" name=\"your-email\" \/><\/span>\n<\/p>\n<p>Sujet\n<\/p>\n<p><span class=\"wpcf7-form-control-wrap\" data-name=\"your-subject\"><input size=\"40\" maxlength=\"400\" class=\"wpcf7-form-control wpcf7-text\" aria-invalid=\"false\" value=\"\" type=\"text\" name=\"your-subject\" \/><\/span>\n<\/p>\n<p>Votre message\n<\/p>\n<p><span class=\"wpcf7-form-control-wrap\" data-name=\"your-message\"><textarea cols=\"40\" rows=\"10\" maxlength=\"2000\" class=\"wpcf7-form-control wpcf7-textarea\" aria-invalid=\"false\" name=\"your-message\"><\/textarea><\/span>\n<\/p>\n<p><input class=\"wpcf7-form-control wpcf7-submit has-spinner\" type=\"submit\" value=\"Envoyer\" \/>\n<\/p><div class=\"wpcf7-response-output\" aria-hidden=\"true\"><\/div>\n<\/form>\n<\/div>\n\n<\/div>\n<p>&nbsp;<\/p>\n<p>&nbsp;<\/p>\n<p>&nbsp;<\/p>\n<p>Vetbox IDR<\/p>\n","protected":false},"excerpt":{"rendered":"<p>Le syst\u00e8me Vetbox disponible en exclusivit\u00e9 permet de centraliser toutes vos images num\u00e9riques et de les distribuer au sein de votre cabinet sur le r\u00e9seau local, et m\u00eame \u00e0 distance sur votre smartphone (iPhone, Android) ou encore mieux, sur votre tablette (iPad avec \u00e9cran Retina, Samsung Galaxy et autres) pour profiter d\u2019une qualit\u00e9 extraordinaire. Le [&hellip;]<\/p>\n","protected":false},"author":1,"featured_media":176,"parent":23,"menu_order":0,"comment_status":"closed","ping_status":"open","template":"","meta":{"footnotes":""},"class_list":["post-63","page","type-page","status-publish","has-post-thumbnail"],"_links":{"self":[{"href":"https:\/\/www.teraneo.fr\/site\/wp-json\/wp\/v2\/pages\/63","targetHints":{"allow":["GET"]}}],"collection":[{"href":"https:\/\/www.teraneo.fr\/site\/wp-json\/wp\/v2\/pages"}],"about":[{"href":"https:\/\/www.teraneo.fr\/site\/wp-json\/wp\/v2\/types\/page"}],"author":[{"embeddable":true,"href":"https:\/\/www.teraneo.fr\/site\/wp-json\/wp\/v2\/users\/1"}],"replies":[{"embeddable":true,"href":"https:\/\/www.teraneo.fr\/site\/wp-json\/wp\/v2\/comments?post=63"}],"version-history":[{"count":18,"href":"https:\/\/www.teraneo.fr\/site\/wp-json\/wp\/v2\/pages\/63\/revisions"}],"predecessor-version":[{"id":475,"href":"https:\/\/www.teraneo.fr\/site\/wp-json\/wp\/v2\/pages\/63\/revisions\/475"}],"up":[{"embeddable":true,"href":"https:\/\/www.teraneo.fr\/site\/wp-json\/wp\/v2\/pages\/23"}],"wp:featuredmedia":[{"embeddable":true,"href":"https:\/\/www.teraneo.fr\/site\/wp-json\/wp\/v2\/media\/176"}],"wp:attachment":[{"href":"https:\/\/www.teraneo.fr\/site\/wp-json\/wp\/v2\/media?parent=63"}],"curies":[{"name":"wp","href":"https:\/\/api.w.org\/{rel}","templated":true}]}}