{"id":65,"date":"2015-01-26T12:03:36","date_gmt":"2015-01-26T11:03:36","guid":{"rendered":"http:\/\/terabox.cluster006.ovh.net\/site\/?page_id=65"},"modified":"2015-02-04T15:43:55","modified_gmt":"2015-02-04T14:43:55","slug":"impression","status":"publish","type":"page","link":"https:\/\/www.teraneo.fr\/site\/radiologie\/impression\/","title":{"rendered":"Impression DICOM vers papier"},"content":{"rendered":"<div class=\"texte\" dir=\"ltr\">\n<p>Vous souhaitez r\u00e9duire votre consommation de film radiologique\u00a0? Nous vous proposons une solution logicielle simple d\u2019acc\u00e8s sous forme de passerelle pour transf\u00e9rer vos impressions de votre reprographe m\u00e9dical vers une imprimante postcript windows, ce qui vous permet de sortir vos clich\u00e9s sur une imprimante papier de qualit\u00e9.<\/p>\n<p><strong><a href=\"http:\/\/www.teraneo.fr\/site\/wp-content\/uploads\/2015\/01\/iQ-PRINT-2.5-Brochure-150dpi-PUB-INT-EN-004R.pdf\">iQ-PRINT<\/a><\/strong> fonctionne sur plate-forme PC, s\u2019interface avec toutes vos modalit\u00e9s (couleur ou niveaux de gris), et ne n\u00e9cessite que de l\u00e9g\u00e8res adaptations au niveau de la configuration r\u00e9seau.<\/p>\n<ul>\n<li>Routage des envois Dicom Print vers une imprimante non-m\u00e9dicale<\/li>\n<\/ul>\n<p>Essayez la <a title=\"IQ-Print\" href=\"http:\/\/www.teraneo.fr\/soft\/iqprint25.zip\">version de d\u00e9monstration<\/a> est valide pendant 30 jours, contactez-nous pour obtenir des renseignements d\u00e9taill\u00e9s.<\/p>\n\n<div class=\"wpcf7 no-js\" id=\"wpcf7-f108-o1\" lang=\"fr-FR\" dir=\"ltr\" data-wpcf7-id=\"108\">\n<div class=\"screen-reader-response\"><p role=\"status\" aria-live=\"polite\" aria-atomic=\"true\"><\/p> <ul><\/ul><\/div>\n<form action=\"\/site\/wp-json\/wp\/v2\/pages\/65#wpcf7-f108-o1\" method=\"post\" class=\"wpcf7-form init\" aria-label=\"Formulaire de contact\" novalidate=\"novalidate\" data-status=\"init\">\n<fieldset class=\"hidden-fields-container\"><input type=\"hidden\" name=\"_wpcf7\" value=\"108\" \/><input type=\"hidden\" name=\"_wpcf7_version\" value=\"6.1.5\" \/><input type=\"hidden\" name=\"_wpcf7_locale\" value=\"fr_FR\" \/><input type=\"hidden\" name=\"_wpcf7_unit_tag\" value=\"wpcf7-f108-o1\" \/><input type=\"hidden\" name=\"_wpcf7_container_post\" value=\"0\" \/><input type=\"hidden\" name=\"_wpcf7_posted_data_hash\" value=\"\" \/><input type=\"hidden\" name=\"_wpcf7_recaptcha_response\" value=\"\" \/>\n<\/fieldset>\n<p>Votre nom (obligatoire)\n<\/p>\n<p><span class=\"wpcf7-form-control-wrap\" data-name=\"your-name\"><input size=\"40\" maxlength=\"400\" class=\"wpcf7-form-control wpcf7-text wpcf7-validates-as-required\" aria-required=\"true\" aria-invalid=\"false\" value=\"\" type=\"text\" name=\"your-name\" \/><\/span>\n<\/p>\n<p>Votre email (obligatoire)\n<\/p>\n<p><span class=\"wpcf7-form-control-wrap\" data-name=\"your-email\"><input size=\"40\" maxlength=\"400\" class=\"wpcf7-form-control wpcf7-email wpcf7-validates-as-required wpcf7-text wpcf7-validates-as-email\" aria-required=\"true\" aria-invalid=\"false\" value=\"\" type=\"email\" name=\"your-email\" \/><\/span>\n<\/p>\n<p>Sujet\n<\/p>\n<p><span class=\"wpcf7-form-control-wrap\" data-name=\"your-subject\"><input size=\"40\" maxlength=\"400\" class=\"wpcf7-form-control wpcf7-text\" aria-invalid=\"false\" value=\"\" type=\"text\" name=\"your-subject\" \/><\/span>\n<\/p>\n<p>Votre message\n<\/p>\n<p><span class=\"wpcf7-form-control-wrap\" data-name=\"your-message\"><textarea cols=\"40\" rows=\"10\" maxlength=\"2000\" class=\"wpcf7-form-control wpcf7-textarea\" aria-invalid=\"false\" name=\"your-message\"><\/textarea><\/span>\n<\/p>\n<p><input class=\"wpcf7-form-control wpcf7-submit has-spinner\" type=\"submit\" value=\"Envoyer\" \/>\n<\/p><div class=\"wpcf7-response-output\" aria-hidden=\"true\"><\/div>\n<\/form>\n<\/div>\n\n<\/div>\n","protected":false},"excerpt":{"rendered":"<p>Vous souhaitez r\u00e9duire votre consommation de film radiologique\u00a0? Nous vous proposons une solution logicielle simple d\u2019acc\u00e8s sous forme de passerelle pour transf\u00e9rer vos impressions de votre reprographe m\u00e9dical vers une imprimante postcript windows, ce qui vous permet de sortir vos clich\u00e9s sur une imprimante papier de qualit\u00e9. iQ-PRINT fonctionne sur plate-forme PC, s\u2019interface avec toutes [&hellip;]<\/p>\n","protected":false},"author":1,"featured_media":0,"parent":2,"menu_order":0,"comment_status":"closed","ping_status":"open","template":"","meta":{"footnotes":""},"class_list":["post-65","page","type-page","status-publish"],"_links":{"self":[{"href":"https:\/\/www.teraneo.fr\/site\/wp-json\/wp\/v2\/pages\/65","targetHints":{"allow":["GET"]}}],"collection":[{"href":"https:\/\/www.teraneo.fr\/site\/wp-json\/wp\/v2\/pages"}],"about":[{"href":"https:\/\/www.teraneo.fr\/site\/wp-json\/wp\/v2\/types\/page"}],"author":[{"embeddable":true,"href":"https:\/\/www.teraneo.fr\/site\/wp-json\/wp\/v2\/users\/1"}],"replies":[{"embeddable":true,"href":"https:\/\/www.teraneo.fr\/site\/wp-json\/wp\/v2\/comments?post=65"}],"version-history":[{"count":5,"href":"https:\/\/www.teraneo.fr\/site\/wp-json\/wp\/v2\/pages\/65\/revisions"}],"predecessor-version":[{"id":278,"href":"https:\/\/www.teraneo.fr\/site\/wp-json\/wp\/v2\/pages\/65\/revisions\/278"}],"up":[{"embeddable":true,"href":"https:\/\/www.teraneo.fr\/site\/wp-json\/wp\/v2\/pages\/2"}],"wp:attachment":[{"href":"https:\/\/www.teraneo.fr\/site\/wp-json\/wp\/v2\/media?parent=65"}],"curies":[{"name":"wp","href":"https:\/\/api.w.org\/{rel}","templated":true}]}}