{"id":69,"date":"2015-01-26T12:04:38","date_gmt":"2015-01-26T11:04:38","guid":{"rendered":"http:\/\/terabox.cluster006.ovh.net\/site\/?page_id=69"},"modified":"2024-02-09T12:17:38","modified_gmt":"2024-02-09T11:17:38","slug":"visualisation-dicom-multi-postes","status":"publish","type":"page","link":"https:\/\/www.teraneo.fr\/site\/imagerie-veterinaire\/visualisation-dicom-multi-postes\/","title":{"rendered":"Visualisation DICOM multi-postes"},"content":{"rendered":"<div class=\"texte\" dir=\"ltr\">\n<p>Nous vous proposons des solutions logicielles tr\u00e8s performantes pour visualiser les images DICOM.<\/p>\n<p><strong><a href=\"https:\/\/www.teraneo.fr\/site\/wp-content\/uploads\/2018\/10\/iQ-VIEW-3.1-VET-Brochure.pdf\">IQ-VIEW VET<\/a><\/strong> est un logiciel de visualisation Dicom (viewer) simple, facile \u00e0 utiliser, tr\u00e8s rapide et puissant, qui fonctionne sur plate-forme PC, enti\u00e8rement compatible avec <strong>Windows 11<\/strong>. Ce logiciel est depuis plusieurs ann\u00e9es le digne successeur de l&rsquo;anc\u00eatre K-PACS (la derni\u00e8re version remonte \u00e0 2008) en enlevant les limitations et autres bugs g\u00eanants.<\/p>\n<p>Id\u00e9alement, il est recommand\u00e9 d&rsquo;installer IQ-View sur chaque poste informatique (il existe pour cela des licences flottantes pour des besoins non simultan\u00e9s).<\/p>\n<p>Le logiciel vous offre les fonctionnalit\u00e9s suivantes\u00a0:<\/p>\n<ul class=\"spip\">\n<li>Acc\u00e8s rapide aux dossiers\u00a0: recherche multicrit\u00e8res, raccourcis, examen interpr\u00e9t\u00e9 ou non, &#8230;<\/li>\n<\/ul>\n<ul class=\"spip\">\n<li>Diff\u00e9rents modes d\u2019affichage et comparaison d\u2019examens\u00a0: Multi-d\u00e9coupes, multi-\u00e9crans, multi-modalit\u00e9s, vignettes de pr\u00e9visualisation des s\u00e9ries<\/li>\n<\/ul>\n<ul class=\"spip\">\n<li>Modification de la brillance et du contraste<\/li>\n<\/ul>\n<ul class=\"spip\">\n<li>Annotations et mesures (distances, angles\u2026),<\/li>\n<\/ul>\n<ul class=\"spip\">\n<li>Rotation, zoom (dynamique), d\u00e9placement et d\u00e9filement, diaphragme<\/li>\n<\/ul>\n<ul class=\"spip\">\n<li>Comparaison d\u2019images depuis des dossiers patients diff\u00e9rents<\/li>\n<\/ul>\n<ul class=\"spip\">\n<li>Exportation d\u2019images sur CD, par mail, au format DICOM ou JPEG avec incrustation des informations d\u00e9di\u00e9es v\u00e9t\u00e9rinaires (propri\u00e9taire, num\u00e9ro d\u2019identification\u2026)<\/li>\n<\/ul>\n<ul class=\"spip\">\n<li>Impression d\u2019images en DICOM PRINT sur un reprographe m\u00e9dical ou en Postscript sur une imprimante Windows<\/li>\n<\/ul>\n<ul class=\"spip\">\n<li>Import rapide de CDs ou cl\u00e9s USB<\/li>\n<\/ul>\n<ul class=\"spip\">\n<li>Outils de mesure d\u00e9di\u00e9s, notamment Angle de Norberg-Olsson<\/li>\n<\/ul>\n<ul class=\"spip\">\n<li>Compatibilit\u00e9 avec les derniers imageurs (DX et CT)<\/li>\n<\/ul>\n<p>Nouveaut\u00e9s de la version 3.1 :<\/p>\n<ul class=\"spip\">\n<li>Affichage automatique des ant\u00e9c\u00e9dents<\/li>\n<li>Augmentation de la rapidit\u00e9 d&rsquo;affichage et de rapatriement en mode Query\/Retrieve<\/li>\n<li>Nouveaux outils de mesure<\/li>\n<\/ul>\n<p>Vous pouvez t\u00e9l\u00e9charger la <a title=\"IQ-View Vet\" href=\"https:\/\/www.teraneo.fr\/soft\/iqview31103vet.exe\">version de d\u00e9monstration de IQ-View VET<\/a> valide pendant 30 jours. Si vous souhaitez une aide particuli\u00e8re, contactez-nous&#8230;<\/p>\n\n<div class=\"wpcf7 no-js\" id=\"wpcf7-f108-o1\" lang=\"fr-FR\" dir=\"ltr\" data-wpcf7-id=\"108\">\n<div class=\"screen-reader-response\"><p role=\"status\" aria-live=\"polite\" aria-atomic=\"true\"><\/p> <ul><\/ul><\/div>\n<form action=\"\/site\/wp-json\/wp\/v2\/pages\/69#wpcf7-f108-o1\" method=\"post\" class=\"wpcf7-form init\" aria-label=\"Formulaire de contact\" novalidate=\"novalidate\" data-status=\"init\">\n<fieldset class=\"hidden-fields-container\"><input type=\"hidden\" name=\"_wpcf7\" value=\"108\" \/><input type=\"hidden\" name=\"_wpcf7_version\" value=\"6.1.5\" \/><input type=\"hidden\" name=\"_wpcf7_locale\" value=\"fr_FR\" \/><input type=\"hidden\" name=\"_wpcf7_unit_tag\" value=\"wpcf7-f108-o1\" \/><input type=\"hidden\" name=\"_wpcf7_container_post\" value=\"0\" \/><input type=\"hidden\" name=\"_wpcf7_posted_data_hash\" value=\"\" \/><input type=\"hidden\" name=\"_wpcf7_recaptcha_response\" value=\"\" \/>\n<\/fieldset>\n<p>Votre nom (obligatoire)\n<\/p>\n<p><span class=\"wpcf7-form-control-wrap\" data-name=\"your-name\"><input size=\"40\" maxlength=\"400\" class=\"wpcf7-form-control wpcf7-text wpcf7-validates-as-required\" aria-required=\"true\" aria-invalid=\"false\" value=\"\" type=\"text\" name=\"your-name\" \/><\/span>\n<\/p>\n<p>Votre email (obligatoire)\n<\/p>\n<p><span class=\"wpcf7-form-control-wrap\" data-name=\"your-email\"><input size=\"40\" maxlength=\"400\" class=\"wpcf7-form-control wpcf7-email wpcf7-validates-as-required wpcf7-text wpcf7-validates-as-email\" aria-required=\"true\" aria-invalid=\"false\" value=\"\" type=\"email\" name=\"your-email\" \/><\/span>\n<\/p>\n<p>Sujet\n<\/p>\n<p><span class=\"wpcf7-form-control-wrap\" data-name=\"your-subject\"><input size=\"40\" maxlength=\"400\" class=\"wpcf7-form-control wpcf7-text\" aria-invalid=\"false\" value=\"\" type=\"text\" name=\"your-subject\" \/><\/span>\n<\/p>\n<p>Votre message\n<\/p>\n<p><span class=\"wpcf7-form-control-wrap\" data-name=\"your-message\"><textarea cols=\"40\" rows=\"10\" maxlength=\"2000\" class=\"wpcf7-form-control wpcf7-textarea\" aria-invalid=\"false\" name=\"your-message\"><\/textarea><\/span>\n<\/p>\n<p><input class=\"wpcf7-form-control wpcf7-submit has-spinner\" type=\"submit\" value=\"Envoyer\" \/>\n<\/p><div class=\"wpcf7-response-output\" aria-hidden=\"true\"><\/div>\n<\/form>\n<\/div>\n\n<\/div>\n","protected":false},"excerpt":{"rendered":"<p>Nous vous proposons des solutions logicielles tr\u00e8s performantes pour visualiser les images DICOM. IQ-VIEW VET est un logiciel de visualisation Dicom (viewer) simple, facile \u00e0 utiliser, tr\u00e8s rapide et puissant, qui fonctionne sur plate-forme PC, enti\u00e8rement compatible avec Windows 11. Ce logiciel est depuis plusieurs ann\u00e9es le digne successeur de l&rsquo;anc\u00eatre K-PACS (la derni\u00e8re version [&hellip;]<\/p>\n","protected":false},"author":1,"featured_media":159,"parent":23,"menu_order":0,"comment_status":"closed","ping_status":"open","template":"","meta":{"footnotes":""},"class_list":["post-69","page","type-page","status-publish","has-post-thumbnail"],"_links":{"self":[{"href":"https:\/\/www.teraneo.fr\/site\/wp-json\/wp\/v2\/pages\/69","targetHints":{"allow":["GET"]}}],"collection":[{"href":"https:\/\/www.teraneo.fr\/site\/wp-json\/wp\/v2\/pages"}],"about":[{"href":"https:\/\/www.teraneo.fr\/site\/wp-json\/wp\/v2\/types\/page"}],"author":[{"embeddable":true,"href":"https:\/\/www.teraneo.fr\/site\/wp-json\/wp\/v2\/users\/1"}],"replies":[{"embeddable":true,"href":"https:\/\/www.teraneo.fr\/site\/wp-json\/wp\/v2\/comments?post=69"}],"version-history":[{"count":19,"href":"https:\/\/www.teraneo.fr\/site\/wp-json\/wp\/v2\/pages\/69\/revisions"}],"predecessor-version":[{"id":573,"href":"https:\/\/www.teraneo.fr\/site\/wp-json\/wp\/v2\/pages\/69\/revisions\/573"}],"up":[{"embeddable":true,"href":"https:\/\/www.teraneo.fr\/site\/wp-json\/wp\/v2\/pages\/23"}],"wp:featuredmedia":[{"embeddable":true,"href":"https:\/\/www.teraneo.fr\/site\/wp-json\/wp\/v2\/media\/159"}],"wp:attachment":[{"href":"https:\/\/www.teraneo.fr\/site\/wp-json\/wp\/v2\/media?parent=69"}],"curies":[{"name":"wp","href":"https:\/\/api.w.org\/{rel}","templated":true}]}}