{"id":76,"date":"2015-01-26T12:07:27","date_gmt":"2015-01-26T11:07:27","guid":{"rendered":"http:\/\/terabox.cluster006.ovh.net\/site\/?page_id=76"},"modified":"2015-01-27T13:49:58","modified_gmt":"2015-01-27T12:49:58","slug":"systemes-cr-plaques-phosphores","status":"publish","type":"page","link":"https:\/\/www.teraneo.fr\/site\/imagerie-veterinaire\/systemes-cr-plaques-phosphores\/","title":{"rendered":"Syst\u00e8mes CR (plaques phosphores)"},"content":{"rendered":"<p>La technologie de radiographie CR vous permet de passer \u00e0 la radiologie num\u00e9rique par le biais de plaques phosphorescentes. Vous ne changez pas de g\u00e9n\u00e9rateur de rayons X! Seules les cassettes changent.<\/p>\n<p>Les plaques au phosphore captent les rayonnements comme des films classiques conventionnels, \u00e0 la diff\u00e9rence que l&rsquo;information peut par la suite \u00eatre lue par un faisceau laser pour \u00eatre convertie en signal num\u00e9rique.<br \/>Les clich\u00e9s obtenus sont de tr\u00e8s bonne qualit\u00e9, visualisables sur votre \u00e9cran d&rsquo;ordinateur, et vous disposez d&rsquo;outils didactiques pour am\u00e9liorer la qualit\u00e9 diagnostique.<\/p>\n<p>Ce qu&rsquo;il se passe en pratique:<\/p>\n<p>1) Vous r\u00e9alisez votre clich\u00e9, comme \u00e0 votre habitude, si ce n&rsquo;est que les constantes pourront dans la plupart des cas \u00eatre diminu\u00e9es, les syst\u00e8mes num\u00e9riques \u00e9tant plus sensibles qu&rsquo;en radiologie conventionnelle. Ceci est un atout suppl\u00e9mentaire dans le cadre de la radio-protection.<\/p>\n<p>2) Vous ins\u00e9rez la cassette dans le lecteur de la station de travail puis lui attribuez un nom d&rsquo;animal et l&rsquo;incidence r\u00e9alis\u00e9e.<br \/>Remarque: dans le cadre de bilans radiographiques comportant plusieurs clich\u00e9s, les man\u0153uvres d&rsquo;identifications peuvent \u00eatre automatis\u00e9es.<\/p>\n<p>3) En 45 secondes, l&rsquo;image du clich\u00e9 s&rsquo;affiche \u00e0 l&rsquo;\u00e9cran de la station de travail. Plusieurs outils vous permettent d&rsquo;optimiser la qualit\u00e9 de l&rsquo;image: luminosit\u00e9, contraste, cadrage, et de nombreux param\u00e8tres de rendu graphique.<br \/>Des pr\u00e9r\u00e9glages sp\u00e9cifiques \u00e0 chaque incidence peuvent \u00e9galement \u00eatre charg\u00e9s. Nos \u00e9quipes travaillent constamment aupr\u00e8s de vos confr\u00e8res dans ce sens.<\/p>\n<p>4) Tous les clich\u00e9s de l&rsquo;examen d&rsquo;un animal peuvent ensuite \u00eatre:<br \/>&#8211; affich\u00e9s dans les salles de consultation,<br \/>&#8211; mis \u00e0 disposition du propri\u00e9taire, par email, sur CD, site internet, ou tout autre support num\u00e9rique,<br \/>&#8211; stock\u00e9s \u00e0 long terme sur un syst\u00e8me de stockage (PACS),<br \/>&#8211; imprim\u00e9s sur un reprographe m\u00e9dical ou une imprimante papier.<\/p>\n","protected":false},"excerpt":{"rendered":"<p>La technologie de radiographie CR vous permet de passer \u00e0 la radiologie num\u00e9rique par le biais de plaques phosphorescentes. Vous ne changez pas de g\u00e9n\u00e9rateur de rayons X! Seules les cassettes changent. Les plaques au phosphore captent les rayonnements comme des films classiques conventionnels, \u00e0 la diff\u00e9rence que l&rsquo;information peut par la suite \u00eatre lue [&hellip;]<\/p>\n","protected":false},"author":1,"featured_media":0,"parent":23,"menu_order":0,"comment_status":"closed","ping_status":"open","template":"","meta":{"footnotes":""},"class_list":["post-76","page","type-page","status-publish"],"_links":{"self":[{"href":"https:\/\/www.teraneo.fr\/site\/wp-json\/wp\/v2\/pages\/76","targetHints":{"allow":["GET"]}}],"collection":[{"href":"https:\/\/www.teraneo.fr\/site\/wp-json\/wp\/v2\/pages"}],"about":[{"href":"https:\/\/www.teraneo.fr\/site\/wp-json\/wp\/v2\/types\/page"}],"author":[{"embeddable":true,"href":"https:\/\/www.teraneo.fr\/site\/wp-json\/wp\/v2\/users\/1"}],"replies":[{"embeddable":true,"href":"https:\/\/www.teraneo.fr\/site\/wp-json\/wp\/v2\/comments?post=76"}],"version-history":[{"count":3,"href":"https:\/\/www.teraneo.fr\/site\/wp-json\/wp\/v2\/pages\/76\/revisions"}],"predecessor-version":[{"id":232,"href":"https:\/\/www.teraneo.fr\/site\/wp-json\/wp\/v2\/pages\/76\/revisions\/232"}],"up":[{"embeddable":true,"href":"https:\/\/www.teraneo.fr\/site\/wp-json\/wp\/v2\/pages\/23"}],"wp:attachment":[{"href":"https:\/\/www.teraneo.fr\/site\/wp-json\/wp\/v2\/media?parent=76"}],"curies":[{"name":"wp","href":"https:\/\/api.w.org\/{rel}","templated":true}]}}