{"id":97,"date":"2015-01-26T14:44:21","date_gmt":"2015-01-26T13:44:21","guid":{"rendered":"http:\/\/terabox.cluster006.ovh.net\/site\/?page_id=97"},"modified":"2015-02-03T10:02:18","modified_gmt":"2015-02-03T09:02:18","slug":"conseil-et-formation","status":"publish","type":"page","link":"https:\/\/www.teraneo.fr\/site\/imagerie-veterinaire\/conseil-et-formation\/","title":{"rendered":"Conseil et formation"},"content":{"rendered":"<p>Pour vous aider efficacement, nos experts sont pr\u00e9sents \u00e0 vos c\u00f4t\u00e9s pour vous apporter des r\u00e9ponses pr\u00e9cises. Nous pouvons vous assister pour faire un \u00e9tat des lieux complet sur votre activit\u00e9, vos besoins, l\u2019\u00e9volution des technologies, la mesure et la pr\u00e9vention des risques informatiques.<\/p>\n<ul>\n<li>Services Professionnels<\/li>\n<li>Analyse des besoins<\/li>\n<li>Etat des lieux<\/li>\n<li>Ajout de s\u00e9curit\u00e9 et de redondance \u00e0 votre syst\u00e8me informatique<\/li>\n<\/ul>\n<hr \/>\n<p>\u00a0Vous avez besoin d\u2019un conseil ou d\u2019une aide sp\u00e9cifique\u00a0?<br class=\"autobr\" \/> Vous envisagez le remplacement d\u2019un capteur r\u00e9tro-alv\u00e9olaire, d\u2019une panoramique\u00a0?<br class=\"autobr\" \/> Vous cherchez \u00e0 changer de technologie, passer des plaques phosphores (CR) aux capteurs (DR)\u00a0?<br class=\"autobr\" \/> Vous vous int\u00e9ressez aux nouvelles techniques d\u2019imagerie 3D cone beam\u00a0?<\/p>\n<div class=\"texte\" dir=\"ltr\">\n<p>Consultez nos sp\u00e9cialistes.<\/p>\n<hr \/>\n<p>&nbsp;<\/p>\n<\/div>\n<div class=\"texte\" dir=\"ltr\">\n<p>Vous cr\u00e9ez un nouveau produit\u00a0? Vous ouvrez un nouveau secteur d\u2019activit\u00e9\u00a0?<\/p>\n<p>Nous sommes l\u00e0 pour vous conseiller<\/p>\n\n<div class=\"wpcf7 no-js\" id=\"wpcf7-f108-o1\" lang=\"fr-FR\" dir=\"ltr\" data-wpcf7-id=\"108\">\n<div class=\"screen-reader-response\"><p role=\"status\" aria-live=\"polite\" aria-atomic=\"true\"><\/p> <ul><\/ul><\/div>\n<form action=\"\/site\/wp-json\/wp\/v2\/pages\/97#wpcf7-f108-o1\" method=\"post\" class=\"wpcf7-form init\" aria-label=\"Formulaire de contact\" novalidate=\"novalidate\" data-status=\"init\">\n<fieldset class=\"hidden-fields-container\"><input type=\"hidden\" name=\"_wpcf7\" value=\"108\" \/><input type=\"hidden\" name=\"_wpcf7_version\" value=\"6.1.5\" \/><input type=\"hidden\" name=\"_wpcf7_locale\" value=\"fr_FR\" \/><input type=\"hidden\" name=\"_wpcf7_unit_tag\" value=\"wpcf7-f108-o1\" \/><input type=\"hidden\" name=\"_wpcf7_container_post\" value=\"0\" \/><input type=\"hidden\" name=\"_wpcf7_posted_data_hash\" value=\"\" \/><input type=\"hidden\" name=\"_wpcf7_recaptcha_response\" value=\"\" \/>\n<\/fieldset>\n<p>Votre nom (obligatoire)\n<\/p>\n<p><span class=\"wpcf7-form-control-wrap\" data-name=\"your-name\"><input size=\"40\" maxlength=\"400\" class=\"wpcf7-form-control wpcf7-text wpcf7-validates-as-required\" aria-required=\"true\" aria-invalid=\"false\" value=\"\" type=\"text\" name=\"your-name\" \/><\/span>\n<\/p>\n<p>Votre email (obligatoire)\n<\/p>\n<p><span class=\"wpcf7-form-control-wrap\" data-name=\"your-email\"><input size=\"40\" maxlength=\"400\" class=\"wpcf7-form-control wpcf7-email wpcf7-validates-as-required wpcf7-text wpcf7-validates-as-email\" aria-required=\"true\" aria-invalid=\"false\" value=\"\" type=\"email\" name=\"your-email\" \/><\/span>\n<\/p>\n<p>Sujet\n<\/p>\n<p><span class=\"wpcf7-form-control-wrap\" data-name=\"your-subject\"><input size=\"40\" maxlength=\"400\" class=\"wpcf7-form-control wpcf7-text\" aria-invalid=\"false\" value=\"\" type=\"text\" name=\"your-subject\" \/><\/span>\n<\/p>\n<p>Votre message\n<\/p>\n<p><span class=\"wpcf7-form-control-wrap\" data-name=\"your-message\"><textarea cols=\"40\" rows=\"10\" maxlength=\"2000\" class=\"wpcf7-form-control wpcf7-textarea\" aria-invalid=\"false\" name=\"your-message\"><\/textarea><\/span>\n<\/p>\n<p><input class=\"wpcf7-form-control wpcf7-submit has-spinner\" type=\"submit\" value=\"Envoyer\" \/>\n<\/p><div class=\"wpcf7-response-output\" aria-hidden=\"true\"><\/div>\n<\/form>\n<\/div>\n\n<\/div>\n","protected":false},"excerpt":{"rendered":"<p>Pour vous aider efficacement, nos experts sont pr\u00e9sents \u00e0 vos c\u00f4t\u00e9s pour vous apporter des r\u00e9ponses pr\u00e9cises. Nous pouvons vous assister pour faire un \u00e9tat des lieux complet sur votre activit\u00e9, vos besoins, l\u2019\u00e9volution des technologies, la mesure et la pr\u00e9vention des risques informatiques. Services Professionnels Analyse des besoins Etat des lieux Ajout de s\u00e9curit\u00e9 [&hellip;]<\/p>\n","protected":false},"author":1,"featured_media":0,"parent":23,"menu_order":0,"comment_status":"closed","ping_status":"open","template":"","meta":{"footnotes":""},"class_list":["post-97","page","type-page","status-publish"],"_links":{"self":[{"href":"https:\/\/www.teraneo.fr\/site\/wp-json\/wp\/v2\/pages\/97","targetHints":{"allow":["GET"]}}],"collection":[{"href":"https:\/\/www.teraneo.fr\/site\/wp-json\/wp\/v2\/pages"}],"about":[{"href":"https:\/\/www.teraneo.fr\/site\/wp-json\/wp\/v2\/types\/page"}],"author":[{"embeddable":true,"href":"https:\/\/www.teraneo.fr\/site\/wp-json\/wp\/v2\/users\/1"}],"replies":[{"embeddable":true,"href":"https:\/\/www.teraneo.fr\/site\/wp-json\/wp\/v2\/comments?post=97"}],"version-history":[{"count":4,"href":"https:\/\/www.teraneo.fr\/site\/wp-json\/wp\/v2\/pages\/97\/revisions"}],"predecessor-version":[{"id":228,"href":"https:\/\/www.teraneo.fr\/site\/wp-json\/wp\/v2\/pages\/97\/revisions\/228"}],"up":[{"embeddable":true,"href":"https:\/\/www.teraneo.fr\/site\/wp-json\/wp\/v2\/pages\/23"}],"wp:attachment":[{"href":"https:\/\/www.teraneo.fr\/site\/wp-json\/wp\/v2\/media?parent=97"}],"curies":[{"name":"wp","href":"https:\/\/api.w.org\/{rel}","templated":true}]}}